{"id":3,"date":"2018-12-06T08:56:25","date_gmt":"2018-12-06T08:56:25","guid":{"rendered":"http:\/\/www.freshpies.co.uk\/?page_id=3"},"modified":"2020-01-27T16:40:34","modified_gmt":"2020-01-27T16:40:34","slug":"datenschutz-cookie-richtlinie","status":"publish","type":"page","link":"https:\/\/www.freshpies.co.uk\/de\/privacy-cookie-policy\/","title":{"rendered":"Datenschutz &amp; Cookie-Richtlinie"},"content":{"rendered":"<div class=\"wpb-content-wrapper\"><div data-parent=\"true\" class=\"vc_row limit-width row-container\" id=\"row-unique-0\"><div class=\"row row-parent\"><div class=\"wpb_row row-inner\"><div class=\"wpb_column pos-top pos-center align_left column_parent col-lg-12 single-internal-gutter\"><div class=\"uncol style-light\"  ><div class=\"uncoltable\"><div class=\"uncell\" ><div class=\"uncont no-block-padding col-custom-width\" style=\" max-width:50%;\" ><div class=\"empty-space empty-double mobile-hidden\" ><span class=\"empty-space-inner\"><\/span><\/div>\n<div class=\"uncode-single-media  text-left\"><div class=\"single-wrapper\" style=\"max-width: 100%;\"><div class=\"tmb tmb-light  tmb-media-first tmb-media-last tmb-content-overlay tmb-no-bg\"><div class=\"t-inside\"><div class=\"t-entry-visual\"><div class=\"t-entry-visual-tc\"><div class=\"uncode-single-media-wrapper\"><img decoding=\"async\" class=\"wp-image-75968\" src=\"https:\/\/www.freshpies.co.uk\/wp-content\/uploads\/2019\/10\/DSCF7511-scaled.jpg\" width=\"2560\" height=\"1707\" alt=\"E-Mail-Signaturen\" srcset=\"https:\/\/www.freshpies.co.uk\/wp-content\/uploads\/2019\/10\/DSCF7511-scaled.jpg 2560w, https:\/\/www.freshpies.co.uk\/wp-content\/uploads\/2019\/10\/DSCF7511-300x200.jpg 300w, https:\/\/www.freshpies.co.uk\/wp-content\/uploads\/2019\/10\/DSCF7511-1024x683.jpg 1024w, https:\/\/www.freshpies.co.uk\/wp-content\/uploads\/2019\/10\/DSCF7511-768x512.jpg 768w, https:\/\/www.freshpies.co.uk\/wp-content\/uploads\/2019\/10\/DSCF7511-1536x1024.jpg 1536w, https:\/\/www.freshpies.co.uk\/wp-content\/uploads\/2019\/10\/DSCF7511-2048x1365.jpg 2048w\" sizes=\"(max-width: 2560px) 100vw, 2560px\" \/><\/div>\n\t\t\t\t\t<\/div>\n\t\t\t\t<\/div><\/div><\/div><\/div><\/div><div class=\"empty-space empty-single mobile-hidden\" ><span class=\"empty-space-inner\"><\/span><\/div>\n<div class=\"uncode_text_column\" ><\/p>\n<h1>Datenschutz und Cookie-Richtlinie<\/h1>\n<p>\n<\/div><div class=\"uncode_text_column\" ><p>Fresh Pies setzt sich sehr f\u00fcr den Schutz der Privatsph\u00e4re der Nutzer dieser Website ein. Wir sammeln Daten auf dieser Website \u00fcber:<\/p>\n<h2>Anfrage-Formulare<\/h2>\n<p>Wir verwenden ein Plugin namens Contact form 7, um alle Formulare auf unserer Website zu betreiben. Die \u00fcber das Kontaktformular 7 erfassten Daten werden zur Kontaktaufnahme mit Ihnen verwendet, um Ihre Anfrage zu beantworten. Eine Sicherungskopie Ihrer Daten wird ebenfalls in der Datenbank unserer Website gespeichert. Nur autorisierte Personen k\u00f6nnen auf Ihre Daten zugreifen, und sie werden nicht an Dritte weitergegeben. Wenn Sie m\u00f6chten, dass Ihre Daten gel\u00f6scht werden, senden Sie bitte eine E-Mail an <a href=\"mailto:sayhello@freshpies.co.uk\">sayhello@freshpies.co.uk<\/a><\/p>\n<h2>Google Analytics<\/h2>\n<p>Google Analytics ist ein Webanalysedienst, der von Google Inc. (\"Google\") bereitgestellt wird. Wir nutzen diesen Dienst auf unserer Website, um Standard-Internetprotokolldaten und Details \u00fcber das Besucherverhalten zu sammeln. Wir tun dies, um sicherzustellen, dass die Website den Bed\u00fcrfnissen der Nutzer entspricht und um zu verstehen, wie wir sie verbessern k\u00f6nnen. Google Analytics speichert Informationen dar\u00fcber, welche Seiten Sie besuchen, wie lange Sie auf der Website bleiben, wie Sie hierher gekommen sind und worauf Sie klicken. Diese Informationen werden nur in einer Weise verarbeitet, die niemanden identifiziert, und wir unternehmen keinen Versuch, die Identit\u00e4t der Besucher unserer Website herauszufinden.<\/p>\n<p>Google nutzt die gesammelten Daten, um die Nutzung dieser Anwendung zu verfolgen und zu untersuchen, um Berichte \u00fcber seine Aktivit\u00e4ten zu erstellen und sie mit anderen Google-Diensten zu teilen. Google kann die erfassten Daten verwenden, um die Anzeigen seines eigenen Werbenetzwerks zu kontextualisieren und zu personalisieren.<\/p>\n<h2>Web-Chat<\/h2>\n<p>Diese Website nutzt Tidio, eine Chat-Plattform, die Nutzer mit dem Kundensupport von Fresh Pies verbindet. Wir sammeln E-Mail-Adressen nur mit der Zustimmung der Nutzer, um den Chat zu starten. Die Nachrichten und die ausgetauschten Daten werden innerhalb der Tidio-Anwendung gespeichert. Weitere Informationen finden Sie in der Datenschutzrichtlinie.<\/p>\n<p>Fresh Pies verwendet diese Nachrichten oder Daten nur, um die registrierten Probleme oder Anfragen der Nutzer zu bearbeiten. Ihre pers\u00f6nlichen Daten werden in \u00dcbereinstimmung mit der Allgemeinen Datenschutzverordnung (GDPR) verarbeitet und \u00fcbermittelt.<\/p>\n<h2>Cookies<\/h2>\n<p>Cookies sind kleine Dateien, die auf Ihrem Computer gespeichert werden, wenn Sie auf unserer Website surfen.<\/p>\n<p>Sie verbessern die Dinge durch:<\/p>\n<ul>\n<li>Speicherung der Einstellungen, so dass Sie sie nicht jedes Mal neu eingeben m\u00fcssen, wenn Sie eine neue Seite besuchen<\/li>\n<li>die von Ihnen eingegebenen Informationen zu speichern, damit Sie sie nicht immer wieder eingeben m\u00fcssen<\/li>\n<li>Messen, wie Sie die Website nutzen, damit wir sicherstellen k\u00f6nnen, dass sie Ihren Bed\u00fcrfnissen entspricht<\/li>\n<\/ul>\n<p>Unsere Cookies werden nicht verwendet, um Sie pers\u00f6nlich zu identifizieren. Sie dienen nur dazu, die Website f\u00fcr Sie besser zu machen. Sie k\u00f6nnen diese kleinen Dateien nach Belieben verwalten und\/oder l\u00f6schen. Um mehr \u00fcber Cookies und deren Verwaltung zu erfahren, besuchen Sie <a class=\"ext-link\" href=\"https:\/\/www.aboutcookies.org\/\" target=\"_blank\" rel=\"noopener external nofollow noreferrer\">\u00dcberCookies.org<\/a>.<\/p>\n<p>Diese Tabelle zeigt die Cookies, die wir auf der Website verwenden, und ihren Zweck:<\/p>\n<\/div><div class=\"uncode_text_column\" ><\/p>\n<table>\n<thead>\n<tr>\n<th>Name des Anbieters<\/th>\n<th>Name des Cookies<\/th>\n<th>Zweck<\/th>\n<\/tr>\n<\/thead>\n<tbody>\n<tr>\n<td>Cloudflare<\/td>\n<td>__cfduid<\/td>\n<td>Dieses Cookie ist mit Websites verbunden, die CloudFlare verwenden, um die Ladezeiten der Seiten zu beschleunigen. Nach Angaben von CloudFlare wird es verwendet, um Sicherheitseinschr\u00e4nkungen auf der Grundlage der IP-Adresse, von der der Besucher kommt, au\u00dfer Kraft zu setzen. Er enth\u00e4lt keine Informationen zur Identifizierung des Nutzers.<\/td>\n<\/tr>\n<tr>\n<td>Google Analytics<\/td>\n<td>_ga<br \/>\n_gat<br \/>\n_gid<\/td>\n<td>Diese Cookies sind mit Google Universal Analytics verbunden. Dieses Cookie wird verwendet, um eindeutige Nutzer zu unterscheiden, indem eine zuf\u00e4llig generierte Nummer als Kundenidentifikator zugewiesen wird. Es ist in jeder Seitenanforderung auf einer Website enthalten und wird zur Berechnung von Besucher-, Sitzungs- und Kampagnendaten f\u00fcr die Analyseberichte der Website verwendet.<\/td>\n<\/tr>\n<\/tbody>\n<\/table>\n<p>\n<\/div><div class=\"uncode_text_column\" ><p>Wenn Sie diesbez\u00fcglich Fragen oder Bedenken haben, senden Sie uns bitte eine E-Mail an: <a href=\"mailto:sayhello@freshpies.co.uk\">sayhello@freshpies.co.uk<\/a><\/p>\n<\/div><div class=\"empty-space empty-triple mobile-hidden\" ><span class=\"empty-space-inner\"><\/span><\/div>\n<\/div><\/div><\/div><\/div><\/div><script id=\"script-row-unique-0\" data-row=\"script-row-unique-0\" type=\"text\/javascript\" class=\"vc_controls\">UNCODE.initRow(document.getElementById(\"row-unique-0\"));<\/script><\/div><\/div><\/div>\n<\/div>","protected":false},"excerpt":{"rendered":"Privacy &amp; Cookie Policy Fresh Pies is strongly committed to protecting the privacy of users of this website. We collect [...]","protected":false},"author":1,"featured_media":0,"parent":0,"menu_order":70,"comment_status":"closed","ping_status":"closed","template":"","meta":{"footnotes":""},"class_list":["post-3","page","type-page","status-publish","hentry"],"yoast_head":"<!-- This site is optimized with the Yoast SEO Premium plugin v22.4 (Yoast SEO v27.3) - https:\/\/yoast.com\/product\/yoast-seo-premium-wordpress\/ -->\n<title>Privacy &amp; Cookie Policy - Fresh Pies<\/title>\n<meta name=\"robots\" content=\"index, follow, max-snippet:-1, max-image-preview:large, max-video-preview:-1\" \/>\n<link rel=\"canonical\" href=\"https:\/\/www.freshpies.co.uk\/de\/datenschutz-cookie-richtlinie\/\" \/>\n<meta property=\"og:locale\" content=\"de_DE\" \/>\n<meta property=\"og:type\" content=\"article\" \/>\n<meta property=\"og:title\" content=\"Privacy &amp; Cookie Policy\" \/>\n<meta property=\"og:url\" content=\"https:\/\/www.freshpies.co.uk\/de\/datenschutz-cookie-richtlinie\/\" \/>\n<meta property=\"og:site_name\" content=\"Fresh Pies\" \/>\n<meta property=\"article:publisher\" content=\"https:\/\/www.facebook.com\/freshpiesdigital\/\" \/>\n<meta property=\"article:modified_time\" content=\"2020-01-27T16:40:34+00:00\" \/>\n<meta property=\"og:image\" content=\"https:\/\/www.freshpies.co.uk\/wp-content\/uploads\/2019\/11\/fp-team-meeting-photo-2.jpg\" \/>\n\t<meta property=\"og:image:width\" content=\"1920\" \/>\n\t<meta property=\"og:image:height\" content=\"1317\" \/>\n\t<meta property=\"og:image:type\" content=\"image\/jpeg\" \/>\n<meta name=\"twitter:card\" content=\"summary_large_image\" \/>\n<meta name=\"twitter:site\" content=\"@freshpies\" \/>\n<meta name=\"twitter:label1\" content=\"Gesch\u00e4tzte Lesezeit\" \/>\n\t<meta name=\"twitter:data1\" content=\"4\u00a0Minuten\" \/>\n<script type=\"application\/ld+json\" class=\"yoast-schema-graph\">{\"@context\":\"https:\\\/\\\/schema.org\",\"@graph\":[{\"@type\":\"WebPage\",\"@id\":\"https:\\\/\\\/www.freshpies.co.uk\\\/privacy-cookie-policy\\\/\",\"url\":\"https:\\\/\\\/www.freshpies.co.uk\\\/privacy-cookie-policy\\\/\",\"name\":\"Privacy & Cookie Policy - Fresh Pies\",\"isPartOf\":{\"@id\":\"https:\\\/\\\/www.freshpies.co.uk\\\/#website\"},\"datePublished\":\"2018-12-06T08:56:25+00:00\",\"dateModified\":\"2020-01-27T16:40:34+00:00\",\"breadcrumb\":{\"@id\":\"https:\\\/\\\/www.freshpies.co.uk\\\/privacy-cookie-policy\\\/#breadcrumb\"},\"inLanguage\":\"de\",\"potentialAction\":[{\"@type\":\"ReadAction\",\"target\":[\"https:\\\/\\\/www.freshpies.co.uk\\\/privacy-cookie-policy\\\/\"]}]},{\"@type\":\"BreadcrumbList\",\"@id\":\"https:\\\/\\\/www.freshpies.co.uk\\\/privacy-cookie-policy\\\/#breadcrumb\",\"itemListElement\":[{\"@type\":\"ListItem\",\"position\":1,\"name\":\"Home\",\"item\":\"https:\\\/\\\/www.freshpies.co.uk\\\/\"},{\"@type\":\"ListItem\",\"position\":2,\"name\":\"Privacy &#038; Cookie Policy\"}]},{\"@type\":\"WebSite\",\"@id\":\"https:\\\/\\\/www.freshpies.co.uk\\\/#website\",\"url\":\"https:\\\/\\\/www.freshpies.co.uk\\\/\",\"name\":\"Fresh Pies\",\"description\":\"Website and Digital Marketing Agency in Balham, South London\",\"publisher\":{\"@id\":\"https:\\\/\\\/www.freshpies.co.uk\\\/#organization\"},\"potentialAction\":[{\"@type\":\"SearchAction\",\"target\":{\"@type\":\"EntryPoint\",\"urlTemplate\":\"https:\\\/\\\/www.freshpies.co.uk\\\/?s={search_term_string}\"},\"query-input\":{\"@type\":\"PropertyValueSpecification\",\"valueRequired\":true,\"valueName\":\"search_term_string\"}}],\"inLanguage\":\"de\"},{\"@type\":\"Organization\",\"@id\":\"https:\\\/\\\/www.freshpies.co.uk\\\/#organization\",\"name\":\"Fresh Pies\",\"url\":\"https:\\\/\\\/www.freshpies.co.uk\\\/\",\"logo\":{\"@type\":\"ImageObject\",\"inLanguage\":\"de\",\"@id\":\"https:\\\/\\\/www.freshpies.co.uk\\\/#\\\/schema\\\/logo\\\/image\\\/\",\"url\":\"https:\\\/\\\/www.freshpies.co.uk\\\/wp-content\\\/uploads\\\/2018\\\/12\\\/fresh-pies-logo-svg-2.svg\",\"contentUrl\":\"https:\\\/\\\/www.freshpies.co.uk\\\/wp-content\\\/uploads\\\/2018\\\/12\\\/fresh-pies-logo-svg-2.svg\",\"width\":\"1\",\"height\":\"1\",\"caption\":\"Fresh Pies\"},\"image\":{\"@id\":\"https:\\\/\\\/www.freshpies.co.uk\\\/#\\\/schema\\\/logo\\\/image\\\/\"},\"sameAs\":[\"https:\\\/\\\/www.facebook.com\\\/freshpiesdigital\\\/\",\"https:\\\/\\\/x.com\\\/freshpies\",\"https:\\\/\\\/www.instagram.com\\\/freshpies\\\/\",\"https:\\\/\\\/www.linkedin.com\\\/company\\\/freshpies\\\/\"]}]}<\/script>\n<!-- \/ Yoast SEO Premium plugin. -->","yoast_head_json":{"title":"Datenschutz und Cookie-Richtlinie - Fresh Pies","robots":{"index":"index","follow":"follow","max-snippet":"max-snippet:-1","max-image-preview":"max-image-preview:large","max-video-preview":"max-video-preview:-1"},"canonical":"https:\/\/www.freshpies.co.uk\/de\/datenschutz-cookie-richtlinie\/","og_locale":"de_DE","og_type":"article","og_title":"Privacy & Cookie Policy","og_url":"https:\/\/www.freshpies.co.uk\/de\/datenschutz-cookie-richtlinie\/","og_site_name":"Fresh Pies","article_publisher":"https:\/\/www.facebook.com\/freshpiesdigital\/","article_modified_time":"2020-01-27T16:40:34+00:00","og_image":[{"width":1920,"height":1317,"url":"https:\/\/www.freshpies.co.uk\/wp-content\/uploads\/2019\/11\/fp-team-meeting-photo-2.jpg","type":"image\/jpeg"}],"twitter_card":"summary_large_image","twitter_site":"@freshpies","twitter_misc":{"Gesch\u00e4tzte Lesezeit":"4\u00a0Minuten"},"schema":{"@context":"https:\/\/schema.org","@graph":[{"@type":"WebPage","@id":"https:\/\/www.freshpies.co.uk\/privacy-cookie-policy\/","url":"https:\/\/www.freshpies.co.uk\/privacy-cookie-policy\/","name":"Datenschutz und Cookie-Richtlinie - Fresh Pies","isPartOf":{"@id":"https:\/\/www.freshpies.co.uk\/#website"},"datePublished":"2018-12-06T08:56:25+00:00","dateModified":"2020-01-27T16:40:34+00:00","breadcrumb":{"@id":"https:\/\/www.freshpies.co.uk\/privacy-cookie-policy\/#breadcrumb"},"inLanguage":"de","potentialAction":[{"@type":"ReadAction","target":["https:\/\/www.freshpies.co.uk\/privacy-cookie-policy\/"]}]},{"@type":"BreadcrumbList","@id":"https:\/\/www.freshpies.co.uk\/privacy-cookie-policy\/#breadcrumb","itemListElement":[{"@type":"ListItem","position":1,"name":"Home","item":"https:\/\/www.freshpies.co.uk\/"},{"@type":"ListItem","position":2,"name":"Privacy &#038; Cookie Policy"}]},{"@type":"WebSite","@id":"https:\/\/www.freshpies.co.uk\/#website","url":"https:\/\/www.freshpies.co.uk\/","name":"Frische Torten","description":"Agentur f\u00fcr Websites und digitales Marketing in Balham, S\u00fcdlondon","publisher":{"@id":"https:\/\/www.freshpies.co.uk\/#organization"},"potentialAction":[{"@type":"SearchAction","target":{"@type":"EntryPoint","urlTemplate":"https:\/\/www.freshpies.co.uk\/?s={search_term_string}"},"query-input":{"@type":"PropertyValueSpecification","valueRequired":true,"valueName":"search_term_string"}}],"inLanguage":"de"},{"@type":"Organization","@id":"https:\/\/www.freshpies.co.uk\/#organization","name":"Frische Torten","url":"https:\/\/www.freshpies.co.uk\/","logo":{"@type":"ImageObject","inLanguage":"de","@id":"https:\/\/www.freshpies.co.uk\/#\/schema\/logo\/image\/","url":"https:\/\/www.freshpies.co.uk\/wp-content\/uploads\/2018\/12\/fresh-pies-logo-svg-2.svg","contentUrl":"https:\/\/www.freshpies.co.uk\/wp-content\/uploads\/2018\/12\/fresh-pies-logo-svg-2.svg","width":"1","height":"1","caption":"Fresh Pies"},"image":{"@id":"https:\/\/www.freshpies.co.uk\/#\/schema\/logo\/image\/"},"sameAs":["https:\/\/www.facebook.com\/freshpiesdigital\/","https:\/\/x.com\/freshpies","https:\/\/www.instagram.com\/freshpies\/","https:\/\/www.linkedin.com\/company\/freshpies\/"]}]}},"_links":{"self":[{"href":"https:\/\/www.freshpies.co.uk\/de\/wp-json\/wp\/v2\/pages\/3","targetHints":{"allow":["GET"]}}],"collection":[{"href":"https:\/\/www.freshpies.co.uk\/de\/wp-json\/wp\/v2\/pages"}],"about":[{"href":"https:\/\/www.freshpies.co.uk\/de\/wp-json\/wp\/v2\/types\/page"}],"author":[{"embeddable":true,"href":"https:\/\/www.freshpies.co.uk\/de\/wp-json\/wp\/v2\/users\/1"}],"replies":[{"embeddable":true,"href":"https:\/\/www.freshpies.co.uk\/de\/wp-json\/wp\/v2\/comments?post=3"}],"version-history":[{"count":0,"href":"https:\/\/www.freshpies.co.uk\/de\/wp-json\/wp\/v2\/pages\/3\/revisions"}],"wp:attachment":[{"href":"https:\/\/www.freshpies.co.uk\/de\/wp-json\/wp\/v2\/media?parent=3"}],"curies":[{"name":"wp","href":"https:\/\/api.w.org\/{rel}","templated":true}]}}