{"id":3,"date":"2018-12-06T08:56:25","date_gmt":"2018-12-06T08:56:25","guid":{"rendered":"http:\/\/www.freshpies.co.uk\/?page_id=3"},"modified":"2020-01-27T16:40:34","modified_gmt":"2020-01-27T16:40:34","slug":"privacidad-politica-de-cookies","status":"publish","type":"page","link":"https:\/\/www.freshpies.co.uk\/es\/privacy-cookie-policy\/","title":{"rendered":"Pol\u00edtica de privacidad y cookies"},"content":{"rendered":"<div class=\"wpb-content-wrapper\"><div data-parent=\"true\" class=\"vc_row limit-width row-container\" id=\"row-unique-0\"><div class=\"row row-parent\"><div class=\"wpb_row row-inner\"><div class=\"wpb_column pos-top pos-center align_left column_parent col-lg-12 single-internal-gutter\"><div class=\"uncol style-light\"  ><div class=\"uncoltable\"><div class=\"uncell\" ><div class=\"uncont no-block-padding col-custom-width\" style=\" max-width:50%;\" ><div class=\"empty-space empty-double mobile-hidden\" ><span class=\"empty-space-inner\"><\/span><\/div>\n<div class=\"uncode-single-media  text-left\"><div class=\"single-wrapper\" style=\"max-width: 100%;\"><div class=\"tmb tmb-light  tmb-media-first tmb-media-last tmb-content-overlay tmb-no-bg\"><div class=\"t-inside\"><div class=\"t-entry-visual\"><div class=\"t-entry-visual-tc\"><div class=\"uncode-single-media-wrapper\"><img decoding=\"async\" class=\"wp-image-75968\" src=\"https:\/\/www.freshpies.co.uk\/wp-content\/uploads\/2019\/10\/DSCF7511-scaled.jpg\" width=\"2560\" height=\"1707\" alt=\"Firmas de correo electr\u00f3nico\" srcset=\"https:\/\/www.freshpies.co.uk\/wp-content\/uploads\/2019\/10\/DSCF7511-scaled.jpg 2560w, https:\/\/www.freshpies.co.uk\/wp-content\/uploads\/2019\/10\/DSCF7511-300x200.jpg 300w, https:\/\/www.freshpies.co.uk\/wp-content\/uploads\/2019\/10\/DSCF7511-1024x683.jpg 1024w, https:\/\/www.freshpies.co.uk\/wp-content\/uploads\/2019\/10\/DSCF7511-768x512.jpg 768w, https:\/\/www.freshpies.co.uk\/wp-content\/uploads\/2019\/10\/DSCF7511-1536x1024.jpg 1536w, https:\/\/www.freshpies.co.uk\/wp-content\/uploads\/2019\/10\/DSCF7511-2048x1365.jpg 2048w\" sizes=\"(max-width: 2560px) 100vw, 2560px\" \/><\/div>\n\t\t\t\t\t<\/div>\n\t\t\t\t<\/div><\/div><\/div><\/div><\/div><div class=\"empty-space empty-single mobile-hidden\" ><span class=\"empty-space-inner\"><\/span><\/div>\n<div class=\"uncode_text_column\" ><\/p>\n<h1>Pol\u00edtica de privacidad y cookies<\/h1>\n<p>\n<\/div><div class=\"uncode_text_column\" ><p>Fresh Pies se compromete firmemente a proteger la privacidad de los usuarios de este sitio web. En este sitio web recopilamos datos a trav\u00e9s de:<\/p>\n<h2>Formularios de consulta<\/h2>\n<p>Utilizamos un plugin llamado Contact form 7 para alimentar los formularios que aparecen en nuestro sitio. Los datos obtenidos a trav\u00e9s del formulario de contacto 7 se utilizar\u00e1n para ponernos en contacto con usted y responder a su consulta. Tambi\u00e9n se almacenar\u00e1 una copia de seguridad de sus datos en la base de datos de nuestro sitio web. S\u00f3lo las personas autorizadas podr\u00e1n acceder a sus datos, y no se revelar\u00e1n a terceros. Si desea que sus datos sean eliminados, env\u00ede un correo electr\u00f3nico a <a href=\"mailto:sayhello@freshpies.co.uk\">sayhello@freshpies.co.uk<\/a><\/p>\n<h2>Google Analytics<\/h2>\n<p>Google Analytics es un servicio de an\u00e1lisis web prestado por Google Inc. (\"Google\"). Utilizamos este servicio en nuestro sitio web para recopilar informaci\u00f3n de registro est\u00e1ndar de Internet y detalles sobre los patrones de comportamiento de los visitantes. Lo hacemos para asegurarnos de que satisface las necesidades de los usuarios y para entender c\u00f3mo podr\u00edamos hacerlo mejor. Google Analytics almacena informaci\u00f3n sobre las p\u00e1ginas que visita, el tiempo que permanece en el sitio, c\u00f3mo ha llegado hasta aqu\u00ed y en qu\u00e9 hace clic. Esta informaci\u00f3n s\u00f3lo se procesa de forma que no identifique a nadie y no intentamos averiguar la identidad de quienes visitan nuestro sitio web.<\/p>\n<p>Google utiliza los Datos recogidos para rastrear y examinar el uso de esta Aplicaci\u00f3n, elaborar informes sobre sus actividades y compartirlos con otros servicios de Google. Google puede utilizar los Datos recogidos para contextualizar y personalizar los anuncios de su propia red publicitaria.<\/p>\n<h2>Chat en Internet<\/h2>\n<p>Este sitio web utiliza Tidio, una plataforma de chat que conecta a los usuarios con el servicio de atenci\u00f3n al cliente de Fresh Pies. Estamos recopilando direcciones de correo electr\u00f3nico s\u00f3lo con el consentimiento de los usuarios, con el fin de iniciar el chat. Los mensajes y datos intercambiados se almacenan dentro de la aplicaci\u00f3n Tidio. Para m\u00e1s informaci\u00f3n, consulte su Pol\u00edtica de privacidad.<\/p>\n<p>Fresh Pies no hace uso de estos mensajes o datos m\u00e1s que para el seguimiento de las cuestiones o consultas registradas por los usuarios. Sus datos personales se procesar\u00e1n y transmitir\u00e1n de conformidad con el Reglamento General de Protecci\u00f3n de Datos (RGPD).<\/p>\n<h2>Cookies<\/h2>\n<p>Las cookies son peque\u00f1os archivos de datos que se almacenan en su ordenador mientras navega por nuestro sitio web.<\/p>\n<p>Mejoran las cosas:<\/p>\n<ul>\n<li>Recordar la configuraci\u00f3n para no tener que volver a introducirla cada vez que se visita una p\u00e1gina nueva.<\/li>\n<li>recordar la informaci\u00f3n que ha facilitado para que no tenga que introducirla una y otra vez<\/li>\n<li>medir c\u00f3mo utiliza el sitio web para asegurarnos de que satisface sus necesidades<\/li>\n<\/ul>\n<p>Nuestras cookies no se utilizan para identificarle personalmente. S\u00f3lo sirven para que el sitio funcione mejor para usted. De hecho, puede gestionar y\/o eliminar estos peque\u00f1os archivos como desee. Para saber m\u00e1s sobre las cookies y c\u00f3mo gestionarlas, visite <a class=\"ext-link\" href=\"https:\/\/www.aboutcookies.org\/\" target=\"_blank\" rel=\"noopener external nofollow noreferrer\">AboutCookies.org<\/a>.<\/p>\n<p>Esta tabla muestra las cookies que utilizamos en el sitio y su finalidad:<\/p>\n<\/div><div class=\"uncode_text_column\" ><\/p>\n<table>\n<thead>\n<tr>\n<th>Nombre del proveedor<\/th>\n<th>Nombre de la cookie<\/th>\n<th>Prop\u00f3sito<\/th>\n<\/tr>\n<\/thead>\n<tbody>\n<tr>\n<td>Cloudflare<\/td>\n<td>__cfduid<\/td>\n<td>Esta cookie est\u00e1 asociada a sitios que utilizan CloudFlare, utilizado para acelerar los tiempos de carga de la p\u00e1gina. Seg\u00fan CloudFlare, se utiliza para anular cualquier restricci\u00f3n de seguridad basada en la direcci\u00f3n IP de la que procede el visitante. No contiene ninguna informaci\u00f3n de identificaci\u00f3n del usuario.<\/td>\n<\/tr>\n<tr>\n<td>Google Analytics<\/td>\n<td>_ga<br \/>\n_gat<br \/>\n_gid<\/td>\n<td>Estas cookies est\u00e1n asociadas a Google Universal Analytics. Esta cookie se utiliza para distinguir usuarios \u00fanicos mediante la asignaci\u00f3n de un n\u00famero generado aleatoriamente como identificador de cliente. Se incluye en cada solicitud de p\u00e1gina de un sitio y se utiliza para calcular los datos de visitantes, sesiones y campa\u00f1as para los informes anal\u00edticos de los sitios.<\/td>\n<\/tr>\n<\/tbody>\n<\/table>\n<p>\n<\/div><div class=\"uncode_text_column\" ><p>Si tiene alguna pregunta o duda al respecto, env\u00edenos un correo electr\u00f3nico a <a href=\"mailto:sayhello@freshpies.co.uk\">sayhello@freshpies.co.uk<\/a><\/p>\n<\/div><div class=\"empty-space empty-triple mobile-hidden\" ><span class=\"empty-space-inner\"><\/span><\/div>\n<\/div><\/div><\/div><\/div><\/div><script id=\"script-row-unique-0\" data-row=\"script-row-unique-0\" type=\"text\/javascript\" class=\"vc_controls\">UNCODE.initRow(document.getElementById(\"row-unique-0\"));<\/script><\/div><\/div><\/div>\n<\/div>","protected":false},"excerpt":{"rendered":"Privacy &amp; Cookie Policy Fresh Pies is strongly committed to protecting the privacy of users of this website. We collect [...]","protected":false},"author":1,"featured_media":0,"parent":0,"menu_order":70,"comment_status":"closed","ping_status":"closed","template":"","meta":{"footnotes":""},"class_list":["post-3","page","type-page","status-publish","hentry"],"yoast_head":"<!-- This site is optimized with the Yoast SEO Premium plugin v22.4 (Yoast SEO v27.3) - https:\/\/yoast.com\/product\/yoast-seo-premium-wordpress\/ -->\n<title>Privacy &amp; Cookie Policy - Fresh Pies<\/title>\n<meta name=\"robots\" content=\"index, follow, max-snippet:-1, max-image-preview:large, max-video-preview:-1\" \/>\n<link rel=\"canonical\" href=\"https:\/\/www.freshpies.co.uk\/es\/privacidad-politica-de-cookies\/\" \/>\n<meta property=\"og:locale\" content=\"es_ES\" \/>\n<meta property=\"og:type\" content=\"article\" \/>\n<meta property=\"og:title\" content=\"Privacy &amp; Cookie Policy\" \/>\n<meta property=\"og:url\" content=\"https:\/\/www.freshpies.co.uk\/es\/privacidad-politica-de-cookies\/\" \/>\n<meta property=\"og:site_name\" content=\"Fresh Pies\" \/>\n<meta property=\"article:publisher\" content=\"https:\/\/www.facebook.com\/freshpiesdigital\/\" \/>\n<meta property=\"article:modified_time\" content=\"2020-01-27T16:40:34+00:00\" \/>\n<meta property=\"og:image\" content=\"https:\/\/www.freshpies.co.uk\/wp-content\/uploads\/2019\/11\/fp-team-meeting-photo-2.jpg\" \/>\n\t<meta property=\"og:image:width\" content=\"1920\" \/>\n\t<meta property=\"og:image:height\" content=\"1317\" \/>\n\t<meta property=\"og:image:type\" content=\"image\/jpeg\" \/>\n<meta name=\"twitter:card\" content=\"summary_large_image\" \/>\n<meta name=\"twitter:site\" content=\"@freshpies\" \/>\n<meta name=\"twitter:label1\" content=\"Tiempo de lectura\" \/>\n\t<meta name=\"twitter:data1\" content=\"4 minutos\" \/>\n<script type=\"application\/ld+json\" class=\"yoast-schema-graph\">{\"@context\":\"https:\\\/\\\/schema.org\",\"@graph\":[{\"@type\":\"WebPage\",\"@id\":\"https:\\\/\\\/www.freshpies.co.uk\\\/privacy-cookie-policy\\\/\",\"url\":\"https:\\\/\\\/www.freshpies.co.uk\\\/privacy-cookie-policy\\\/\",\"name\":\"Privacy & Cookie Policy - Fresh Pies\",\"isPartOf\":{\"@id\":\"https:\\\/\\\/www.freshpies.co.uk\\\/#website\"},\"datePublished\":\"2018-12-06T08:56:25+00:00\",\"dateModified\":\"2020-01-27T16:40:34+00:00\",\"breadcrumb\":{\"@id\":\"https:\\\/\\\/www.freshpies.co.uk\\\/privacy-cookie-policy\\\/#breadcrumb\"},\"inLanguage\":\"es\",\"potentialAction\":[{\"@type\":\"ReadAction\",\"target\":[\"https:\\\/\\\/www.freshpies.co.uk\\\/privacy-cookie-policy\\\/\"]}]},{\"@type\":\"BreadcrumbList\",\"@id\":\"https:\\\/\\\/www.freshpies.co.uk\\\/privacy-cookie-policy\\\/#breadcrumb\",\"itemListElement\":[{\"@type\":\"ListItem\",\"position\":1,\"name\":\"Home\",\"item\":\"https:\\\/\\\/www.freshpies.co.uk\\\/\"},{\"@type\":\"ListItem\",\"position\":2,\"name\":\"Privacy &#038; Cookie Policy\"}]},{\"@type\":\"WebSite\",\"@id\":\"https:\\\/\\\/www.freshpies.co.uk\\\/#website\",\"url\":\"https:\\\/\\\/www.freshpies.co.uk\\\/\",\"name\":\"Fresh Pies\",\"description\":\"Website and Digital Marketing Agency in Balham, South London\",\"publisher\":{\"@id\":\"https:\\\/\\\/www.freshpies.co.uk\\\/#organization\"},\"potentialAction\":[{\"@type\":\"SearchAction\",\"target\":{\"@type\":\"EntryPoint\",\"urlTemplate\":\"https:\\\/\\\/www.freshpies.co.uk\\\/?s={search_term_string}\"},\"query-input\":{\"@type\":\"PropertyValueSpecification\",\"valueRequired\":true,\"valueName\":\"search_term_string\"}}],\"inLanguage\":\"es\"},{\"@type\":\"Organization\",\"@id\":\"https:\\\/\\\/www.freshpies.co.uk\\\/#organization\",\"name\":\"Fresh Pies\",\"url\":\"https:\\\/\\\/www.freshpies.co.uk\\\/\",\"logo\":{\"@type\":\"ImageObject\",\"inLanguage\":\"es\",\"@id\":\"https:\\\/\\\/www.freshpies.co.uk\\\/#\\\/schema\\\/logo\\\/image\\\/\",\"url\":\"https:\\\/\\\/www.freshpies.co.uk\\\/wp-content\\\/uploads\\\/2018\\\/12\\\/fresh-pies-logo-svg-2.svg\",\"contentUrl\":\"https:\\\/\\\/www.freshpies.co.uk\\\/wp-content\\\/uploads\\\/2018\\\/12\\\/fresh-pies-logo-svg-2.svg\",\"width\":\"1\",\"height\":\"1\",\"caption\":\"Fresh Pies\"},\"image\":{\"@id\":\"https:\\\/\\\/www.freshpies.co.uk\\\/#\\\/schema\\\/logo\\\/image\\\/\"},\"sameAs\":[\"https:\\\/\\\/www.facebook.com\\\/freshpiesdigital\\\/\",\"https:\\\/\\\/x.com\\\/freshpies\",\"https:\\\/\\\/www.instagram.com\\\/freshpies\\\/\",\"https:\\\/\\\/www.linkedin.com\\\/company\\\/freshpies\\\/\"]}]}<\/script>\n<!-- \/ Yoast SEO Premium plugin. -->","yoast_head_json":{"title":"Pol\u00edtica de privacidad y cookies - Fresh Pies","robots":{"index":"index","follow":"follow","max-snippet":"max-snippet:-1","max-image-preview":"max-image-preview:large","max-video-preview":"max-video-preview:-1"},"canonical":"https:\/\/www.freshpies.co.uk\/es\/privacidad-politica-de-cookies\/","og_locale":"es_ES","og_type":"article","og_title":"Privacy & Cookie Policy","og_url":"https:\/\/www.freshpies.co.uk\/es\/privacidad-politica-de-cookies\/","og_site_name":"Fresh Pies","article_publisher":"https:\/\/www.facebook.com\/freshpiesdigital\/","article_modified_time":"2020-01-27T16:40:34+00:00","og_image":[{"width":1920,"height":1317,"url":"https:\/\/www.freshpies.co.uk\/wp-content\/uploads\/2019\/11\/fp-team-meeting-photo-2.jpg","type":"image\/jpeg"}],"twitter_card":"summary_large_image","twitter_site":"@freshpies","twitter_misc":{"Tiempo de lectura":"4 minutos"},"schema":{"@context":"https:\/\/schema.org","@graph":[{"@type":"WebPage","@id":"https:\/\/www.freshpies.co.uk\/privacy-cookie-policy\/","url":"https:\/\/www.freshpies.co.uk\/privacy-cookie-policy\/","name":"Pol\u00edtica de privacidad y cookies - Fresh Pies","isPartOf":{"@id":"https:\/\/www.freshpies.co.uk\/#website"},"datePublished":"2018-12-06T08:56:25+00:00","dateModified":"2020-01-27T16:40:34+00:00","breadcrumb":{"@id":"https:\/\/www.freshpies.co.uk\/privacy-cookie-policy\/#breadcrumb"},"inLanguage":"es","potentialAction":[{"@type":"ReadAction","target":["https:\/\/www.freshpies.co.uk\/privacy-cookie-policy\/"]}]},{"@type":"BreadcrumbList","@id":"https:\/\/www.freshpies.co.uk\/privacy-cookie-policy\/#breadcrumb","itemListElement":[{"@type":"ListItem","position":1,"name":"Home","item":"https:\/\/www.freshpies.co.uk\/"},{"@type":"ListItem","position":2,"name":"Privacy &#038; Cookie Policy"}]},{"@type":"WebSite","@id":"https:\/\/www.freshpies.co.uk\/#website","url":"https:\/\/www.freshpies.co.uk\/","name":"Pasteles frescos","description":"Agencia de p\u00e1ginas web y marketing digital en Balham, Sur de Londres","publisher":{"@id":"https:\/\/www.freshpies.co.uk\/#organization"},"potentialAction":[{"@type":"SearchAction","target":{"@type":"EntryPoint","urlTemplate":"https:\/\/www.freshpies.co.uk\/?s={search_term_string}"},"query-input":{"@type":"PropertyValueSpecification","valueRequired":true,"valueName":"search_term_string"}}],"inLanguage":"es"},{"@type":"Organization","@id":"https:\/\/www.freshpies.co.uk\/#organization","name":"Pasteles frescos","url":"https:\/\/www.freshpies.co.uk\/","logo":{"@type":"ImageObject","inLanguage":"es","@id":"https:\/\/www.freshpies.co.uk\/#\/schema\/logo\/image\/","url":"https:\/\/www.freshpies.co.uk\/wp-content\/uploads\/2018\/12\/fresh-pies-logo-svg-2.svg","contentUrl":"https:\/\/www.freshpies.co.uk\/wp-content\/uploads\/2018\/12\/fresh-pies-logo-svg-2.svg","width":"1","height":"1","caption":"Fresh Pies"},"image":{"@id":"https:\/\/www.freshpies.co.uk\/#\/schema\/logo\/image\/"},"sameAs":["https:\/\/www.facebook.com\/freshpiesdigital\/","https:\/\/x.com\/freshpies","https:\/\/www.instagram.com\/freshpies\/","https:\/\/www.linkedin.com\/company\/freshpies\/"]}]}},"_links":{"self":[{"href":"https:\/\/www.freshpies.co.uk\/es\/wp-json\/wp\/v2\/pages\/3","targetHints":{"allow":["GET"]}}],"collection":[{"href":"https:\/\/www.freshpies.co.uk\/es\/wp-json\/wp\/v2\/pages"}],"about":[{"href":"https:\/\/www.freshpies.co.uk\/es\/wp-json\/wp\/v2\/types\/page"}],"author":[{"embeddable":true,"href":"https:\/\/www.freshpies.co.uk\/es\/wp-json\/wp\/v2\/users\/1"}],"replies":[{"embeddable":true,"href":"https:\/\/www.freshpies.co.uk\/es\/wp-json\/wp\/v2\/comments?post=3"}],"version-history":[{"count":0,"href":"https:\/\/www.freshpies.co.uk\/es\/wp-json\/wp\/v2\/pages\/3\/revisions"}],"wp:attachment":[{"href":"https:\/\/www.freshpies.co.uk\/es\/wp-json\/wp\/v2\/media?parent=3"}],"curies":[{"name":"wp","href":"https:\/\/api.w.org\/{rel}","templated":true}]}}