{"id":3,"date":"2018-12-06T08:56:25","date_gmt":"2018-12-06T08:56:25","guid":{"rendered":"http:\/\/www.freshpies.co.uk\/?page_id=3"},"modified":"2020-01-27T16:40:34","modified_gmt":"2020-01-27T16:40:34","slug":"vie-privee-politique-en-matiere-de-cookies","status":"publish","type":"page","link":"https:\/\/www.freshpies.co.uk\/fr\/privacy-cookie-policy\/","title":{"rendered":"Politique en mati\u00e8re de confidentialit\u00e9 et de cookies"},"content":{"rendered":"<div class=\"wpb-content-wrapper\"><div data-parent=\"true\" class=\"vc_row limit-width row-container\" id=\"row-unique-0\"><div class=\"row row-parent\"><div class=\"wpb_row row-inner\"><div class=\"wpb_column pos-top pos-center align_left column_parent col-lg-12 single-internal-gutter\"><div class=\"uncol style-light\"  ><div class=\"uncoltable\"><div class=\"uncell\" ><div class=\"uncont no-block-padding col-custom-width\" style=\" max-width:50%;\" ><div class=\"empty-space empty-double mobile-hidden\" ><span class=\"empty-space-inner\"><\/span><\/div>\n<div class=\"uncode-single-media  text-left\"><div class=\"single-wrapper\" style=\"max-width: 100%;\"><div class=\"tmb tmb-light  tmb-media-first tmb-media-last tmb-content-overlay tmb-no-bg\"><div class=\"t-inside\"><div class=\"t-entry-visual\"><div class=\"t-entry-visual-tc\"><div class=\"uncode-single-media-wrapper\"><img decoding=\"async\" class=\"wp-image-75968\" src=\"https:\/\/www.freshpies.co.uk\/wp-content\/uploads\/2019\/10\/DSCF7511-scaled.jpg\" width=\"2560\" height=\"1707\" alt=\"Signatures de courriels\" srcset=\"https:\/\/www.freshpies.co.uk\/wp-content\/uploads\/2019\/10\/DSCF7511-scaled.jpg 2560w, https:\/\/www.freshpies.co.uk\/wp-content\/uploads\/2019\/10\/DSCF7511-300x200.jpg 300w, https:\/\/www.freshpies.co.uk\/wp-content\/uploads\/2019\/10\/DSCF7511-1024x683.jpg 1024w, https:\/\/www.freshpies.co.uk\/wp-content\/uploads\/2019\/10\/DSCF7511-768x512.jpg 768w, https:\/\/www.freshpies.co.uk\/wp-content\/uploads\/2019\/10\/DSCF7511-1536x1024.jpg 1536w, https:\/\/www.freshpies.co.uk\/wp-content\/uploads\/2019\/10\/DSCF7511-2048x1365.jpg 2048w\" sizes=\"(max-width: 2560px) 100vw, 2560px\" \/><\/div>\n\t\t\t\t\t<\/div>\n\t\t\t\t<\/div><\/div><\/div><\/div><\/div><div class=\"empty-space empty-single mobile-hidden\" ><span class=\"empty-space-inner\"><\/span><\/div>\n<div class=\"uncode_text_column\" ><\/p>\n<h1>Politique en mati\u00e8re de confidentialit\u00e9 et de cookies<\/h1>\n<p>\n<\/div><div class=\"uncode_text_column\" ><p>Fresh Pies s'engage fermement \u00e0 prot\u00e9ger la vie priv\u00e9e des utilisateurs de ce site web. Nous recueillons des donn\u00e9es sur ce site web par le biais de :<\/p>\n<h2>Formulaires de demande de renseignements<\/h2>\n<p>Nous utilisons un plugin appel\u00e9 Contact form 7 pour alimenter tous les formulaires pr\u00e9sents sur notre site. Les donn\u00e9es saisies par le biais de Contact form 7 seront utilis\u00e9es pour vous contacter afin de r\u00e9pondre \u00e0 votre demande. Une sauvegarde de vos donn\u00e9es sera \u00e9galement stock\u00e9e dans la base de donn\u00e9es de notre site web. Seules les personnes autoris\u00e9es pourront acc\u00e9der \u00e0 vos donn\u00e9es, qui ne seront pas divulgu\u00e9es \u00e0 des tiers. Si vous souhaitez que vos donn\u00e9es soient supprim\u00e9es, veuillez envoyer un courrier \u00e9lectronique \u00e0 l'adresse suivante <a href=\"mailto:sayhello@freshpies.co.uk\">sayhello@freshpies.co.uk<\/a><\/p>\n<h2>Google Analytics<\/h2>\n<p>Google Analytics est un service d'analyse du Web fourni par Google Inc. (\"Google\"). Nous utilisons ce service sur notre site web pour collecter des informations de journal Internet standard et des d\u00e9tails sur le comportement des visiteurs. Nous le faisons pour nous assurer qu'il r\u00e9pond aux besoins de ses utilisateurs et pour comprendre comment nous pourrions l'am\u00e9liorer. Google Analytics stocke des informations sur les pages que vous visitez, la dur\u00e9e de votre visite sur le site, la mani\u00e8re dont vous y \u00eates arriv\u00e9 et les \u00e9l\u00e9ments sur lesquels vous cliquez. Ces informations sont uniquement trait\u00e9es de mani\u00e8re \u00e0 ne pas identifier qui que ce soit et nous n'essayons pas de d\u00e9couvrir l'identit\u00e9 des personnes qui visitent notre site web.<\/p>\n<p>Google utilise les donn\u00e9es collect\u00e9es pour suivre et examiner l'utilisation de cette application, pour pr\u00e9parer des rapports sur ses activit\u00e9s et les partager avec d'autres services Google. Google peut utiliser les donn\u00e9es collect\u00e9es pour contextualiser et personnaliser les annonces de son propre r\u00e9seau publicitaire.<\/p>\n<h2>Chat en ligne<\/h2>\n<p>Ce site web utilise Tidio, une plateforme de chat qui met en relation les utilisateurs avec le service client\u00e8le de Fresh Pies. Nous ne collectons les adresses \u00e9lectroniques qu'avec le consentement des utilisateurs, afin de lancer le chat. Les messages et les donn\u00e9es \u00e9chang\u00e9s sont stock\u00e9s dans l'application Tidio. Pour plus d'informations, veuillez vous r\u00e9f\u00e9rer \u00e0 leur politique de confidentialit\u00e9.<\/p>\n<p>Fresh Pies n'utilise pas ces messages ou donn\u00e9es \u00e0 d'autres fins que le suivi des questions ou demandes enregistr\u00e9es par les utilisateurs. Vos donn\u00e9es personnelles seront trait\u00e9es et transmises conform\u00e9ment au r\u00e8glement g\u00e9n\u00e9ral sur la protection des donn\u00e9es (RGPD).<\/p>\n<h2>Cookies<\/h2>\n<p>Les cookies sont de petits fichiers de donn\u00e9es qui sont plac\u00e9s sur votre ordinateur lorsque vous naviguez sur notre site web.<\/p>\n<p>Ils am\u00e9liorent les choses en :<\/p>\n<ul>\n<li>la m\u00e9morisation des param\u00e8tres, de sorte que vous n'ayez pas \u00e0 les saisir \u00e0 nouveau chaque fois que vous visitez une nouvelle page<\/li>\n<li>se souvenir des informations que vous avez fournies afin de ne pas avoir \u00e0 les saisir \u00e0 nouveau<\/li>\n<li>mesurer la fa\u00e7on dont vous utilisez le site web afin que nous puissions nous assurer qu'il r\u00e9pond \u00e0 vos besoins<\/li>\n<\/ul>\n<p>Nos cookies ne sont pas utilis\u00e9s pour vous identifier personnellement. Ils servent simplement \u00e0 am\u00e9liorer le fonctionnement du site pour vous. En effet, vous pouvez g\u00e9rer et\/ou supprimer ces petits fichiers comme vous le souhaitez. Pour en savoir plus sur les cookies et sur la mani\u00e8re de les g\u00e9rer, consultez le site suivant <a class=\"ext-link\" href=\"https:\/\/www.aboutcookies.org\/\" target=\"_blank\" rel=\"noopener external nofollow noreferrer\">AboutCookies.org<\/a>.<\/p>\n<p>Ce tableau montre les cookies que nous utilisons sur le site et leur objectif :<\/p>\n<\/div><div class=\"uncode_text_column\" ><\/p>\n<table>\n<thead>\n<tr>\n<th>Nom du prestataire<\/th>\n<th>Nom du cookie<\/th>\n<th>Objectif<\/th>\n<\/tr>\n<\/thead>\n<tbody>\n<tr>\n<td>Cloudflare<\/td>\n<td>__cfduid<\/td>\n<td>Ce cookie est associ\u00e9 aux sites utilisant CloudFlare, afin d'acc\u00e9l\u00e9rer le temps de chargement des pages. Selon CloudFlare, il est utilis\u00e9 pour passer outre les restrictions de s\u00e9curit\u00e9 bas\u00e9es sur l'adresse IP d'o\u00f9 provient le visiteur. Il ne contient aucune information d'identification de l'utilisateur.<\/td>\n<\/tr>\n<tr>\n<td>Google Analytics<\/td>\n<td>_ga<br \/>\n_gat<br \/>\n_gid<\/td>\n<td>Ces cookies sont associ\u00e9s \u00e0 Google Universal Analytics. Ce cookie est utilis\u00e9 pour distinguer les utilisateurs uniques en attribuant un num\u00e9ro g\u00e9n\u00e9r\u00e9 de mani\u00e8re al\u00e9atoire comme identifiant client. Il est inclus dans chaque demande de page d'un site et utilis\u00e9 pour calculer les donn\u00e9es relatives aux visiteurs, aux sessions et aux campagnes pour les rapports d'analyse des sites.<\/td>\n<\/tr>\n<\/tbody>\n<\/table>\n<p>\n<\/div><div class=\"uncode_text_column\" ><p>Si vous avez des questions ou des pr\u00e9occupations \u00e0 ce sujet, veuillez nous envoyer un courriel \u00e0 l'adresse suivante <a href=\"mailto:sayhello@freshpies.co.uk\">sayhello@freshpies.co.uk<\/a><\/p>\n<\/div><div class=\"empty-space empty-triple mobile-hidden\" ><span class=\"empty-space-inner\"><\/span><\/div>\n<\/div><\/div><\/div><\/div><\/div><script id=\"script-row-unique-0\" data-row=\"script-row-unique-0\" type=\"text\/javascript\" class=\"vc_controls\">UNCODE.initRow(document.getElementById(\"row-unique-0\"));<\/script><\/div><\/div><\/div>\n<\/div>","protected":false},"excerpt":{"rendered":"Privacy &amp; Cookie Policy Fresh Pies is strongly committed to protecting the privacy of users of this website. We collect [...]","protected":false},"author":1,"featured_media":0,"parent":0,"menu_order":70,"comment_status":"closed","ping_status":"closed","template":"","meta":{"footnotes":""},"class_list":["post-3","page","type-page","status-publish","hentry"],"yoast_head":"<!-- This site is optimized with the Yoast SEO Premium plugin v22.4 (Yoast SEO v27.3) - https:\/\/yoast.com\/product\/yoast-seo-premium-wordpress\/ -->\n<title>Privacy &amp; Cookie Policy - Fresh Pies<\/title>\n<meta name=\"robots\" content=\"index, follow, max-snippet:-1, max-image-preview:large, max-video-preview:-1\" \/>\n<link rel=\"canonical\" href=\"https:\/\/www.freshpies.co.uk\/fr\/vie-privee-politique-en-matiere-de-cookies\/\" \/>\n<meta property=\"og:locale\" content=\"fr_FR\" \/>\n<meta property=\"og:type\" content=\"article\" \/>\n<meta property=\"og:title\" content=\"Privacy &amp; Cookie Policy\" \/>\n<meta property=\"og:url\" content=\"https:\/\/www.freshpies.co.uk\/fr\/vie-privee-politique-en-matiere-de-cookies\/\" \/>\n<meta property=\"og:site_name\" content=\"Fresh Pies\" \/>\n<meta property=\"article:publisher\" content=\"https:\/\/www.facebook.com\/freshpiesdigital\/\" \/>\n<meta property=\"article:modified_time\" content=\"2020-01-27T16:40:34+00:00\" \/>\n<meta property=\"og:image\" content=\"https:\/\/www.freshpies.co.uk\/wp-content\/uploads\/2019\/11\/fp-team-meeting-photo-2.jpg\" \/>\n\t<meta property=\"og:image:width\" content=\"1920\" \/>\n\t<meta property=\"og:image:height\" content=\"1317\" \/>\n\t<meta property=\"og:image:type\" content=\"image\/jpeg\" \/>\n<meta name=\"twitter:card\" content=\"summary_large_image\" \/>\n<meta name=\"twitter:site\" content=\"@freshpies\" \/>\n<meta name=\"twitter:label1\" content=\"Dur\u00e9e de lecture estim\u00e9e\" \/>\n\t<meta name=\"twitter:data1\" content=\"4 minutes\" \/>\n<script type=\"application\/ld+json\" class=\"yoast-schema-graph\">{\"@context\":\"https:\\\/\\\/schema.org\",\"@graph\":[{\"@type\":\"WebPage\",\"@id\":\"https:\\\/\\\/www.freshpies.co.uk\\\/privacy-cookie-policy\\\/\",\"url\":\"https:\\\/\\\/www.freshpies.co.uk\\\/privacy-cookie-policy\\\/\",\"name\":\"Privacy & Cookie Policy - Fresh Pies\",\"isPartOf\":{\"@id\":\"https:\\\/\\\/www.freshpies.co.uk\\\/#website\"},\"datePublished\":\"2018-12-06T08:56:25+00:00\",\"dateModified\":\"2020-01-27T16:40:34+00:00\",\"breadcrumb\":{\"@id\":\"https:\\\/\\\/www.freshpies.co.uk\\\/privacy-cookie-policy\\\/#breadcrumb\"},\"inLanguage\":\"fr-FR\",\"potentialAction\":[{\"@type\":\"ReadAction\",\"target\":[\"https:\\\/\\\/www.freshpies.co.uk\\\/privacy-cookie-policy\\\/\"]}]},{\"@type\":\"BreadcrumbList\",\"@id\":\"https:\\\/\\\/www.freshpies.co.uk\\\/privacy-cookie-policy\\\/#breadcrumb\",\"itemListElement\":[{\"@type\":\"ListItem\",\"position\":1,\"name\":\"Home\",\"item\":\"https:\\\/\\\/www.freshpies.co.uk\\\/\"},{\"@type\":\"ListItem\",\"position\":2,\"name\":\"Privacy &#038; Cookie Policy\"}]},{\"@type\":\"WebSite\",\"@id\":\"https:\\\/\\\/www.freshpies.co.uk\\\/#website\",\"url\":\"https:\\\/\\\/www.freshpies.co.uk\\\/\",\"name\":\"Fresh Pies\",\"description\":\"Website and Digital Marketing Agency in Balham, South London\",\"publisher\":{\"@id\":\"https:\\\/\\\/www.freshpies.co.uk\\\/#organization\"},\"potentialAction\":[{\"@type\":\"SearchAction\",\"target\":{\"@type\":\"EntryPoint\",\"urlTemplate\":\"https:\\\/\\\/www.freshpies.co.uk\\\/?s={search_term_string}\"},\"query-input\":{\"@type\":\"PropertyValueSpecification\",\"valueRequired\":true,\"valueName\":\"search_term_string\"}}],\"inLanguage\":\"fr-FR\"},{\"@type\":\"Organization\",\"@id\":\"https:\\\/\\\/www.freshpies.co.uk\\\/#organization\",\"name\":\"Fresh Pies\",\"url\":\"https:\\\/\\\/www.freshpies.co.uk\\\/\",\"logo\":{\"@type\":\"ImageObject\",\"inLanguage\":\"fr-FR\",\"@id\":\"https:\\\/\\\/www.freshpies.co.uk\\\/#\\\/schema\\\/logo\\\/image\\\/\",\"url\":\"https:\\\/\\\/www.freshpies.co.uk\\\/wp-content\\\/uploads\\\/2018\\\/12\\\/fresh-pies-logo-svg-2.svg\",\"contentUrl\":\"https:\\\/\\\/www.freshpies.co.uk\\\/wp-content\\\/uploads\\\/2018\\\/12\\\/fresh-pies-logo-svg-2.svg\",\"width\":\"1\",\"height\":\"1\",\"caption\":\"Fresh Pies\"},\"image\":{\"@id\":\"https:\\\/\\\/www.freshpies.co.uk\\\/#\\\/schema\\\/logo\\\/image\\\/\"},\"sameAs\":[\"https:\\\/\\\/www.facebook.com\\\/freshpiesdigital\\\/\",\"https:\\\/\\\/x.com\\\/freshpies\",\"https:\\\/\\\/www.instagram.com\\\/freshpies\\\/\",\"https:\\\/\\\/www.linkedin.com\\\/company\\\/freshpies\\\/\"]}]}<\/script>\n<!-- \/ Yoast SEO Premium plugin. -->","yoast_head_json":{"title":"Politique en mati\u00e8re de confidentialit\u00e9 et de cookies - Fresh Pies","robots":{"index":"index","follow":"follow","max-snippet":"max-snippet:-1","max-image-preview":"max-image-preview:large","max-video-preview":"max-video-preview:-1"},"canonical":"https:\/\/www.freshpies.co.uk\/fr\/vie-privee-politique-en-matiere-de-cookies\/","og_locale":"fr_FR","og_type":"article","og_title":"Privacy & Cookie Policy","og_url":"https:\/\/www.freshpies.co.uk\/fr\/vie-privee-politique-en-matiere-de-cookies\/","og_site_name":"Fresh Pies","article_publisher":"https:\/\/www.facebook.com\/freshpiesdigital\/","article_modified_time":"2020-01-27T16:40:34+00:00","og_image":[{"width":1920,"height":1317,"url":"https:\/\/www.freshpies.co.uk\/wp-content\/uploads\/2019\/11\/fp-team-meeting-photo-2.jpg","type":"image\/jpeg"}],"twitter_card":"summary_large_image","twitter_site":"@freshpies","twitter_misc":{"Dur\u00e9e de lecture estim\u00e9e":"4 minutes"},"schema":{"@context":"https:\/\/schema.org","@graph":[{"@type":"WebPage","@id":"https:\/\/www.freshpies.co.uk\/privacy-cookie-policy\/","url":"https:\/\/www.freshpies.co.uk\/privacy-cookie-policy\/","name":"Politique en mati\u00e8re de confidentialit\u00e9 et de cookies - Fresh Pies","isPartOf":{"@id":"https:\/\/www.freshpies.co.uk\/#website"},"datePublished":"2018-12-06T08:56:25+00:00","dateModified":"2020-01-27T16:40:34+00:00","breadcrumb":{"@id":"https:\/\/www.freshpies.co.uk\/privacy-cookie-policy\/#breadcrumb"},"inLanguage":"fr-FR","potentialAction":[{"@type":"ReadAction","target":["https:\/\/www.freshpies.co.uk\/privacy-cookie-policy\/"]}]},{"@type":"BreadcrumbList","@id":"https:\/\/www.freshpies.co.uk\/privacy-cookie-policy\/#breadcrumb","itemListElement":[{"@type":"ListItem","position":1,"name":"Home","item":"https:\/\/www.freshpies.co.uk\/"},{"@type":"ListItem","position":2,"name":"Privacy &#038; Cookie Policy"}]},{"@type":"WebSite","@id":"https:\/\/www.freshpies.co.uk\/#website","url":"https:\/\/www.freshpies.co.uk\/","name":"Tartes fra\u00eeches","description":"Agence de cr\u00e9ation de sites Internet et de marketing num\u00e9rique \u00e0 Balham, au sud de Londres","publisher":{"@id":"https:\/\/www.freshpies.co.uk\/#organization"},"potentialAction":[{"@type":"SearchAction","target":{"@type":"EntryPoint","urlTemplate":"https:\/\/www.freshpies.co.uk\/?s={search_term_string}"},"query-input":{"@type":"PropertyValueSpecification","valueRequired":true,"valueName":"search_term_string"}}],"inLanguage":"fr-FR"},{"@type":"Organization","@id":"https:\/\/www.freshpies.co.uk\/#organization","name":"Tartes fra\u00eeches","url":"https:\/\/www.freshpies.co.uk\/","logo":{"@type":"ImageObject","inLanguage":"fr-FR","@id":"https:\/\/www.freshpies.co.uk\/#\/schema\/logo\/image\/","url":"https:\/\/www.freshpies.co.uk\/wp-content\/uploads\/2018\/12\/fresh-pies-logo-svg-2.svg","contentUrl":"https:\/\/www.freshpies.co.uk\/wp-content\/uploads\/2018\/12\/fresh-pies-logo-svg-2.svg","width":"1","height":"1","caption":"Fresh Pies"},"image":{"@id":"https:\/\/www.freshpies.co.uk\/#\/schema\/logo\/image\/"},"sameAs":["https:\/\/www.facebook.com\/freshpiesdigital\/","https:\/\/x.com\/freshpies","https:\/\/www.instagram.com\/freshpies\/","https:\/\/www.linkedin.com\/company\/freshpies\/"]}]}},"_links":{"self":[{"href":"https:\/\/www.freshpies.co.uk\/fr\/wp-json\/wp\/v2\/pages\/3","targetHints":{"allow":["GET"]}}],"collection":[{"href":"https:\/\/www.freshpies.co.uk\/fr\/wp-json\/wp\/v2\/pages"}],"about":[{"href":"https:\/\/www.freshpies.co.uk\/fr\/wp-json\/wp\/v2\/types\/page"}],"author":[{"embeddable":true,"href":"https:\/\/www.freshpies.co.uk\/fr\/wp-json\/wp\/v2\/users\/1"}],"replies":[{"embeddable":true,"href":"https:\/\/www.freshpies.co.uk\/fr\/wp-json\/wp\/v2\/comments?post=3"}],"version-history":[{"count":0,"href":"https:\/\/www.freshpies.co.uk\/fr\/wp-json\/wp\/v2\/pages\/3\/revisions"}],"wp:attachment":[{"href":"https:\/\/www.freshpies.co.uk\/fr\/wp-json\/wp\/v2\/media?parent=3"}],"curies":[{"name":"wp","href":"https:\/\/api.w.org\/{rel}","templated":true}]}}