{"id":3,"date":"2018-12-06T08:56:25","date_gmt":"2018-12-06T08:56:25","guid":{"rendered":"http:\/\/www.freshpies.co.uk\/?page_id=3"},"modified":"2020-01-27T16:40:34","modified_gmt":"2020-01-27T16:40:34","slug":"polityka-prywatnosci-i-plikow-cookie","status":"publish","type":"page","link":"https:\/\/www.freshpies.co.uk\/pl\/privacy-cookie-policy\/","title":{"rendered":"Polityka prywatno\u015bci i plik\u00f3w cookie"},"content":{"rendered":"<div class=\"wpb-content-wrapper\"><div data-parent=\"true\" class=\"vc_row limit-width row-container\" id=\"row-unique-0\"><div class=\"row row-parent\"><div class=\"wpb_row row-inner\"><div class=\"wpb_column pos-top pos-center align_left column_parent col-lg-12 single-internal-gutter\"><div class=\"uncol style-light\"  ><div class=\"uncoltable\"><div class=\"uncell\" ><div class=\"uncont no-block-padding col-custom-width\" style=\" max-width:50%;\" ><div class=\"empty-space empty-double mobile-hidden\" ><span class=\"empty-space-inner\"><\/span><\/div>\n<div class=\"uncode-single-media  text-left\"><div class=\"single-wrapper\" style=\"max-width: 100%;\"><div class=\"tmb tmb-light  tmb-media-first tmb-media-last tmb-content-overlay tmb-no-bg\"><div class=\"t-inside\"><div class=\"t-entry-visual\"><div class=\"t-entry-visual-tc\"><div class=\"uncode-single-media-wrapper\"><img decoding=\"async\" class=\"wp-image-75968\" src=\"https:\/\/www.freshpies.co.uk\/wp-content\/uploads\/2019\/10\/DSCF7511-scaled.jpg\" width=\"2560\" height=\"1707\" alt=\"Podpisy e-mail\" srcset=\"https:\/\/www.freshpies.co.uk\/wp-content\/uploads\/2019\/10\/DSCF7511-scaled.jpg 2560w, https:\/\/www.freshpies.co.uk\/wp-content\/uploads\/2019\/10\/DSCF7511-300x200.jpg 300w, https:\/\/www.freshpies.co.uk\/wp-content\/uploads\/2019\/10\/DSCF7511-1024x683.jpg 1024w, https:\/\/www.freshpies.co.uk\/wp-content\/uploads\/2019\/10\/DSCF7511-768x512.jpg 768w, https:\/\/www.freshpies.co.uk\/wp-content\/uploads\/2019\/10\/DSCF7511-1536x1024.jpg 1536w, https:\/\/www.freshpies.co.uk\/wp-content\/uploads\/2019\/10\/DSCF7511-2048x1365.jpg 2048w\" sizes=\"(max-width: 2560px) 100vw, 2560px\" \/><\/div>\n\t\t\t\t\t<\/div>\n\t\t\t\t<\/div><\/div><\/div><\/div><\/div><div class=\"empty-space empty-single mobile-hidden\" ><span class=\"empty-space-inner\"><\/span><\/div>\n<div class=\"uncode_text_column\" ><\/p>\n<h1>Polityka prywatno\u015bci i plik\u00f3w cookie<\/h1>\n<p>\n<\/div><div class=\"uncode_text_column\" ><p>Fresh Pies jest mocno zaanga\u017cowany w ochron\u0119 prywatno\u015bci u\u017cytkownik\u00f3w tej strony internetowej. Gromadzimy dane na tej stronie za po\u015brednictwem:<\/p>\n<h2>Formularze zapyta\u0144<\/h2>\n<p>U\u017cywamy wtyczki o nazwie Formularz kontaktowy 7 do obs\u0142ugi wszelkich formularzy widocznych na naszej stronie. Dane przechwycone za po\u015brednictwem formularza kontaktowego 7 zostan\u0105 wykorzystane do skontaktowania si\u0119 z Tob\u0105 w celu udzielenia odpowiedzi na Twoje zapytanie. Kopia zapasowa danych u\u017cytkownika b\u0119dzie r\u00f3wnie\u017c przechowywana w bazie danych naszej witryny. Dost\u0119p do danych u\u017cytkownika b\u0119d\u0105 mia\u0142y wy\u0142\u0105cznie upowa\u017cnione osoby i nie b\u0119d\u0105 one ujawniane stronom trzecim. Je\u015bli chcesz, aby Twoje dane zosta\u0142y usuni\u0119te, wy\u015blij wiadomo\u015b\u0107 e-mail na adres <a href=\"mailto:sayhello@freshpies.co.uk\">sayhello@freshpies.co.uk<\/a><\/p>\n<h2>Google Analytics<\/h2>\n<p>Google Analytics to us\u0142uga analizy internetowej \u015bwiadczona przez Google Inc. (\"Google\"). Korzystamy z tej us\u0142ugi na naszej stronie internetowej w celu gromadzenia standardowych informacji z dziennika internetowego i szczeg\u00f3\u0142\u00f3w dotycz\u0105cych wzorc\u00f3w zachowa\u0144 odwiedzaj\u0105cych. Robimy to, aby upewni\u0107 si\u0119, \u017ce spe\u0142nia ona potrzeby u\u017cytkownik\u00f3w i zrozumie\u0107, w jaki spos\u00f3b mo\u017cemy to zrobi\u0107 lepiej. Google Analytics przechowuje informacje o tym, jakie strony odwiedza u\u017cytkownik, jak d\u0142ugo przebywa w witrynie, w jaki spos\u00f3b si\u0119 tu znalaz\u0142 i co klikn\u0105\u0142. Informacje te s\u0105 przetwarzane wy\u0142\u0105cznie w spos\u00f3b, kt\u00f3ry nie identyfikuje nikogo i nie podejmujemy \u017cadnych pr\u00f3b ustalenia to\u017csamo\u015bci os\u00f3b odwiedzaj\u0105cych nasz\u0105 witryn\u0119.<\/p>\n<p>Google wykorzystuje zebrane dane do \u015bledzenia i badania korzystania z tej aplikacji, przygotowywania raport\u00f3w dotycz\u0105cych jej dzia\u0142a\u0144 i udost\u0119pniania ich innym us\u0142ugom Google. Google mo\u017ce wykorzystywa\u0107 zebrane dane do kontekstualizowania i personalizowania reklam w\u0142asnej sieci reklamowej.<\/p>\n<h2>Czat internetowy<\/h2>\n<p>Ta strona korzysta z Tidio, platformy czatu, kt\u00f3ra \u0142\u0105czy u\u017cytkownik\u00f3w z obs\u0142ug\u0105 klienta Fresh Pies. Zbieramy adresy e-mail wy\u0142\u0105cznie za zgod\u0105 u\u017cytkownik\u00f3w w celu rozpocz\u0119cia czatu. Wiadomo\u015bci i wymieniane dane s\u0105 przechowywane w aplikacji Tidio. Wi\u0119cej informacji mo\u017cna znale\u017a\u0107 w ich Polityce prywatno\u015bci.<\/p>\n<p>Fresh Pies nie wykorzystuje tych wiadomo\u015bci ani danych w celach innych ni\u017c \u015bledzenie zarejestrowanych spraw lub zapyta\u0144 u\u017cytkownik\u00f3w. Dane osobowe u\u017cytkownika b\u0119d\u0105 przetwarzane i przekazywane zgodnie z og\u00f3lnym rozporz\u0105dzeniem o ochronie danych (RODO).<\/p>\n<h2>Pliki cookie<\/h2>\n<p>Pliki cookie to ma\u0142e pliki danych, kt\u00f3re s\u0105 umieszczane na komputerze u\u017cytkownika podczas przegl\u0105dania naszej witryny internetowej.<\/p>\n<p>Ulepszaj\u0105 rzeczy poprzez:<\/p>\n<ul>\n<li>zapami\u0119tywanie ustawie\u0144, dzi\u0119ki czemu nie trzeba ich ponownie wprowadza\u0107 za ka\u017cdym razem, gdy odwiedza si\u0119 now\u0105 stron\u0119<\/li>\n<li>zapami\u0119tywanie podanych informacji, dzi\u0119ki czemu nie trzeba ich wprowadza\u0107 ponownie<\/li>\n<li>mierzenie sposobu, w jaki u\u017cytkownik korzysta z witryny, aby\u015bmy mogli upewni\u0107 si\u0119, \u017ce spe\u0142nia ona jego potrzeby.<\/li>\n<\/ul>\n<p>Nasze pliki cookie nie s\u0142u\u017c\u0105 do identyfikacji u\u017cytkownika. S\u0105 tu tylko po to, aby strona dzia\u0142a\u0142a lepiej dla Ciebie. U\u017cytkownik mo\u017ce zarz\u0105dza\u0107 tymi ma\u0142ymi plikami i\/lub usuwa\u0107 je wed\u0142ug w\u0142asnego uznania. Aby dowiedzie\u0107 si\u0119 wi\u0119cej o plikach cookie i sposobach zarz\u0105dzania nimi, odwied\u017a stron\u0119 <a class=\"ext-link\" href=\"https:\/\/www.aboutcookies.org\/\" target=\"_blank\" rel=\"noopener external nofollow noreferrer\">AboutCookies.org<\/a>.<\/p>\n<p>Niniejsza tabela przedstawia pliki cookie u\u017cywane w witrynie oraz ich przeznaczenie:<\/p>\n<\/div><div class=\"uncode_text_column\" ><\/p>\n<table>\n<thead>\n<tr>\n<th>Nazwa dostawcy<\/th>\n<th>Nazwa pliku cookie<\/th>\n<th>Cel<\/th>\n<\/tr>\n<\/thead>\n<tbody>\n<tr>\n<td>Cloudflare<\/td>\n<td>__cfduid<\/td>\n<td>Ten plik cookie jest powi\u0105zany z witrynami korzystaj\u0105cymi z CloudFlare i s\u0142u\u017cy do przyspieszenia \u0142adowania strony. Wed\u0142ug CloudFlare s\u0142u\u017cy on do zast\u0119powania wszelkich ogranicze\u0144 bezpiecze\u0144stwa opartych na adresie IP, z kt\u00f3rego pochodzi odwiedzaj\u0105cy. Nie zawiera \u017cadnych informacji identyfikuj\u0105cych u\u017cytkownika.<\/td>\n<\/tr>\n<tr>\n<td>Google Analytics<\/td>\n<td>_ga<br \/>\n_gat<br \/>\n_gid<\/td>\n<td>Te pliki cookie s\u0105 powi\u0105zane z Google Universal Analytics. Ten plik cookie s\u0142u\u017cy do rozr\u00f3\u017cniania unikalnych u\u017cytkownik\u00f3w poprzez przypisanie losowo wygenerowanego numeru jako identyfikatora klienta. Jest on do\u0142\u0105czany do ka\u017cdego \u017c\u0105dania strony w witrynie i wykorzystywany do obliczania danych dotycz\u0105cych odwiedzaj\u0105cych, sesji i kampanii na potrzeby raport\u00f3w analitycznych witryn.<\/td>\n<\/tr>\n<\/tbody>\n<\/table>\n<p>\n<\/div><div class=\"uncode_text_column\" ><p>W razie jakichkolwiek pyta\u0144 lub w\u0105tpliwo\u015bci prosimy o kontakt pod adresem e-mail: <a href=\"mailto:sayhello@freshpies.co.uk\">sayhello@freshpies.co.uk<\/a><\/p>\n<\/div><div class=\"empty-space empty-triple mobile-hidden\" ><span class=\"empty-space-inner\"><\/span><\/div>\n<\/div><\/div><\/div><\/div><\/div><script id=\"script-row-unique-0\" data-row=\"script-row-unique-0\" type=\"text\/javascript\" class=\"vc_controls\">UNCODE.initRow(document.getElementById(\"row-unique-0\"));<\/script><\/div><\/div><\/div>\n<\/div>","protected":false},"excerpt":{"rendered":"Privacy &amp; Cookie Policy Fresh Pies is strongly committed to protecting the privacy of users of this website. We collect [...]","protected":false},"author":1,"featured_media":0,"parent":0,"menu_order":70,"comment_status":"closed","ping_status":"closed","template":"","meta":{"footnotes":""},"class_list":["post-3","page","type-page","status-publish","hentry"],"yoast_head":"<!-- This site is optimized with the Yoast SEO Premium plugin v22.4 (Yoast SEO v27.3) - https:\/\/yoast.com\/product\/yoast-seo-premium-wordpress\/ -->\n<title>Privacy &amp; Cookie Policy - Fresh Pies<\/title>\n<meta name=\"robots\" content=\"index, follow, max-snippet:-1, max-image-preview:large, max-video-preview:-1\" \/>\n<link rel=\"canonical\" href=\"https:\/\/www.freshpies.co.uk\/pl\/polityka-prywatnosci-i-plikow-cookie\/\" \/>\n<meta property=\"og:locale\" content=\"pl_PL\" \/>\n<meta property=\"og:type\" content=\"article\" \/>\n<meta property=\"og:title\" content=\"Privacy &amp; Cookie Policy\" \/>\n<meta property=\"og:url\" content=\"https:\/\/www.freshpies.co.uk\/pl\/polityka-prywatnosci-i-plikow-cookie\/\" \/>\n<meta property=\"og:site_name\" content=\"Fresh Pies\" \/>\n<meta property=\"article:publisher\" content=\"https:\/\/www.facebook.com\/freshpiesdigital\/\" \/>\n<meta property=\"article:modified_time\" content=\"2020-01-27T16:40:34+00:00\" \/>\n<meta property=\"og:image\" content=\"https:\/\/www.freshpies.co.uk\/wp-content\/uploads\/2019\/11\/fp-team-meeting-photo-2.jpg\" \/>\n\t<meta property=\"og:image:width\" content=\"1920\" \/>\n\t<meta property=\"og:image:height\" content=\"1317\" \/>\n\t<meta property=\"og:image:type\" content=\"image\/jpeg\" \/>\n<meta name=\"twitter:card\" content=\"summary_large_image\" \/>\n<meta name=\"twitter:site\" content=\"@freshpies\" \/>\n<meta name=\"twitter:label1\" content=\"Szacowany czas czytania\" \/>\n\t<meta name=\"twitter:data1\" content=\"4 minuty\" \/>\n<script type=\"application\/ld+json\" class=\"yoast-schema-graph\">{\"@context\":\"https:\\\/\\\/schema.org\",\"@graph\":[{\"@type\":\"WebPage\",\"@id\":\"https:\\\/\\\/www.freshpies.co.uk\\\/privacy-cookie-policy\\\/\",\"url\":\"https:\\\/\\\/www.freshpies.co.uk\\\/privacy-cookie-policy\\\/\",\"name\":\"Privacy & Cookie Policy - Fresh Pies\",\"isPartOf\":{\"@id\":\"https:\\\/\\\/www.freshpies.co.uk\\\/#website\"},\"datePublished\":\"2018-12-06T08:56:25+00:00\",\"dateModified\":\"2020-01-27T16:40:34+00:00\",\"breadcrumb\":{\"@id\":\"https:\\\/\\\/www.freshpies.co.uk\\\/privacy-cookie-policy\\\/#breadcrumb\"},\"inLanguage\":\"pl-PL\",\"potentialAction\":[{\"@type\":\"ReadAction\",\"target\":[\"https:\\\/\\\/www.freshpies.co.uk\\\/privacy-cookie-policy\\\/\"]}]},{\"@type\":\"BreadcrumbList\",\"@id\":\"https:\\\/\\\/www.freshpies.co.uk\\\/privacy-cookie-policy\\\/#breadcrumb\",\"itemListElement\":[{\"@type\":\"ListItem\",\"position\":1,\"name\":\"Home\",\"item\":\"https:\\\/\\\/www.freshpies.co.uk\\\/\"},{\"@type\":\"ListItem\",\"position\":2,\"name\":\"Privacy &#038; Cookie Policy\"}]},{\"@type\":\"WebSite\",\"@id\":\"https:\\\/\\\/www.freshpies.co.uk\\\/#website\",\"url\":\"https:\\\/\\\/www.freshpies.co.uk\\\/\",\"name\":\"Fresh Pies\",\"description\":\"Website and Digital Marketing Agency in Balham, South London\",\"publisher\":{\"@id\":\"https:\\\/\\\/www.freshpies.co.uk\\\/#organization\"},\"potentialAction\":[{\"@type\":\"SearchAction\",\"target\":{\"@type\":\"EntryPoint\",\"urlTemplate\":\"https:\\\/\\\/www.freshpies.co.uk\\\/?s={search_term_string}\"},\"query-input\":{\"@type\":\"PropertyValueSpecification\",\"valueRequired\":true,\"valueName\":\"search_term_string\"}}],\"inLanguage\":\"pl-PL\"},{\"@type\":\"Organization\",\"@id\":\"https:\\\/\\\/www.freshpies.co.uk\\\/#organization\",\"name\":\"Fresh Pies\",\"url\":\"https:\\\/\\\/www.freshpies.co.uk\\\/\",\"logo\":{\"@type\":\"ImageObject\",\"inLanguage\":\"pl-PL\",\"@id\":\"https:\\\/\\\/www.freshpies.co.uk\\\/#\\\/schema\\\/logo\\\/image\\\/\",\"url\":\"https:\\\/\\\/www.freshpies.co.uk\\\/wp-content\\\/uploads\\\/2018\\\/12\\\/fresh-pies-logo-svg-2.svg\",\"contentUrl\":\"https:\\\/\\\/www.freshpies.co.uk\\\/wp-content\\\/uploads\\\/2018\\\/12\\\/fresh-pies-logo-svg-2.svg\",\"width\":\"1\",\"height\":\"1\",\"caption\":\"Fresh Pies\"},\"image\":{\"@id\":\"https:\\\/\\\/www.freshpies.co.uk\\\/#\\\/schema\\\/logo\\\/image\\\/\"},\"sameAs\":[\"https:\\\/\\\/www.facebook.com\\\/freshpiesdigital\\\/\",\"https:\\\/\\\/x.com\\\/freshpies\",\"https:\\\/\\\/www.instagram.com\\\/freshpies\\\/\",\"https:\\\/\\\/www.linkedin.com\\\/company\\\/freshpies\\\/\"]}]}<\/script>\n<!-- \/ Yoast SEO Premium plugin. -->","yoast_head_json":{"title":"Polityka prywatno\u015bci i plik\u00f3w cookie - Fresh Pies","robots":{"index":"index","follow":"follow","max-snippet":"max-snippet:-1","max-image-preview":"max-image-preview:large","max-video-preview":"max-video-preview:-1"},"canonical":"https:\/\/www.freshpies.co.uk\/pl\/polityka-prywatnosci-i-plikow-cookie\/","og_locale":"pl_PL","og_type":"article","og_title":"Privacy & Cookie Policy","og_url":"https:\/\/www.freshpies.co.uk\/pl\/polityka-prywatnosci-i-plikow-cookie\/","og_site_name":"Fresh Pies","article_publisher":"https:\/\/www.facebook.com\/freshpiesdigital\/","article_modified_time":"2020-01-27T16:40:34+00:00","og_image":[{"width":1920,"height":1317,"url":"https:\/\/www.freshpies.co.uk\/wp-content\/uploads\/2019\/11\/fp-team-meeting-photo-2.jpg","type":"image\/jpeg"}],"twitter_card":"summary_large_image","twitter_site":"@freshpies","twitter_misc":{"Szacowany czas czytania":"4 minuty"},"schema":{"@context":"https:\/\/schema.org","@graph":[{"@type":"WebPage","@id":"https:\/\/www.freshpies.co.uk\/privacy-cookie-policy\/","url":"https:\/\/www.freshpies.co.uk\/privacy-cookie-policy\/","name":"Polityka prywatno\u015bci i plik\u00f3w cookie - Fresh Pies","isPartOf":{"@id":"https:\/\/www.freshpies.co.uk\/#website"},"datePublished":"2018-12-06T08:56:25+00:00","dateModified":"2020-01-27T16:40:34+00:00","breadcrumb":{"@id":"https:\/\/www.freshpies.co.uk\/privacy-cookie-policy\/#breadcrumb"},"inLanguage":"pl-PL","potentialAction":[{"@type":"ReadAction","target":["https:\/\/www.freshpies.co.uk\/privacy-cookie-policy\/"]}]},{"@type":"BreadcrumbList","@id":"https:\/\/www.freshpies.co.uk\/privacy-cookie-policy\/#breadcrumb","itemListElement":[{"@type":"ListItem","position":1,"name":"Home","item":"https:\/\/www.freshpies.co.uk\/"},{"@type":"ListItem","position":2,"name":"Privacy &#038; Cookie Policy"}]},{"@type":"WebSite","@id":"https:\/\/www.freshpies.co.uk\/#website","url":"https:\/\/www.freshpies.co.uk\/","name":"\u015awie\u017ce ciasta","description":"Agencja marketingu internetowego i cyfrowego w Balham, po\u0142udniowy Londyn","publisher":{"@id":"https:\/\/www.freshpies.co.uk\/#organization"},"potentialAction":[{"@type":"SearchAction","target":{"@type":"EntryPoint","urlTemplate":"https:\/\/www.freshpies.co.uk\/?s={search_term_string}"},"query-input":{"@type":"PropertyValueSpecification","valueRequired":true,"valueName":"search_term_string"}}],"inLanguage":"pl-PL"},{"@type":"Organization","@id":"https:\/\/www.freshpies.co.uk\/#organization","name":"\u015awie\u017ce ciasta","url":"https:\/\/www.freshpies.co.uk\/","logo":{"@type":"ImageObject","inLanguage":"pl-PL","@id":"https:\/\/www.freshpies.co.uk\/#\/schema\/logo\/image\/","url":"https:\/\/www.freshpies.co.uk\/wp-content\/uploads\/2018\/12\/fresh-pies-logo-svg-2.svg","contentUrl":"https:\/\/www.freshpies.co.uk\/wp-content\/uploads\/2018\/12\/fresh-pies-logo-svg-2.svg","width":"1","height":"1","caption":"Fresh Pies"},"image":{"@id":"https:\/\/www.freshpies.co.uk\/#\/schema\/logo\/image\/"},"sameAs":["https:\/\/www.facebook.com\/freshpiesdigital\/","https:\/\/x.com\/freshpies","https:\/\/www.instagram.com\/freshpies\/","https:\/\/www.linkedin.com\/company\/freshpies\/"]}]}},"_links":{"self":[{"href":"https:\/\/www.freshpies.co.uk\/pl\/wp-json\/wp\/v2\/pages\/3","targetHints":{"allow":["GET"]}}],"collection":[{"href":"https:\/\/www.freshpies.co.uk\/pl\/wp-json\/wp\/v2\/pages"}],"about":[{"href":"https:\/\/www.freshpies.co.uk\/pl\/wp-json\/wp\/v2\/types\/page"}],"author":[{"embeddable":true,"href":"https:\/\/www.freshpies.co.uk\/pl\/wp-json\/wp\/v2\/users\/1"}],"replies":[{"embeddable":true,"href":"https:\/\/www.freshpies.co.uk\/pl\/wp-json\/wp\/v2\/comments?post=3"}],"version-history":[{"count":0,"href":"https:\/\/www.freshpies.co.uk\/pl\/wp-json\/wp\/v2\/pages\/3\/revisions"}],"wp:attachment":[{"href":"https:\/\/www.freshpies.co.uk\/pl\/wp-json\/wp\/v2\/media?parent=3"}],"curies":[{"name":"wp","href":"https:\/\/api.w.org\/{rel}","templated":true}]}}