{"id":3,"date":"2018-12-06T08:56:25","date_gmt":"2018-12-06T08:56:25","guid":{"rendered":"http:\/\/www.freshpies.co.uk\/?page_id=3"},"modified":"2020-01-27T16:40:34","modified_gmt":"2020-01-27T16:40:34","slug":"privacidade-politica-de-cookies","status":"publish","type":"page","link":"https:\/\/www.freshpies.co.uk\/pt\/privacy-cookie-policy\/","title":{"rendered":"Pol\u00edtica de privacidade e de cookies"},"content":{"rendered":"<div class=\"wpb-content-wrapper\"><div data-parent=\"true\" class=\"vc_row limit-width row-container\" id=\"row-unique-0\"><div class=\"row row-parent\"><div class=\"wpb_row row-inner\"><div class=\"wpb_column pos-top pos-center align_left column_parent col-lg-12 single-internal-gutter\"><div class=\"uncol style-light\"  ><div class=\"uncoltable\"><div class=\"uncell\" ><div class=\"uncont no-block-padding col-custom-width\" style=\" max-width:50%;\" ><div class=\"empty-space empty-double mobile-hidden\" ><span class=\"empty-space-inner\"><\/span><\/div>\n<div class=\"uncode-single-media  text-left\"><div class=\"single-wrapper\" style=\"max-width: 100%;\"><div class=\"tmb tmb-light  tmb-media-first tmb-media-last tmb-content-overlay tmb-no-bg\"><div class=\"t-inside\"><div class=\"t-entry-visual\"><div class=\"t-entry-visual-tc\"><div class=\"uncode-single-media-wrapper\"><img decoding=\"async\" class=\"wp-image-75968\" src=\"https:\/\/www.freshpies.co.uk\/wp-content\/uploads\/2019\/10\/DSCF7511-scaled.jpg\" width=\"2560\" height=\"1707\" alt=\"Assinaturas de correio eletr\u00f3nico\" srcset=\"https:\/\/www.freshpies.co.uk\/wp-content\/uploads\/2019\/10\/DSCF7511-scaled.jpg 2560w, https:\/\/www.freshpies.co.uk\/wp-content\/uploads\/2019\/10\/DSCF7511-300x200.jpg 300w, https:\/\/www.freshpies.co.uk\/wp-content\/uploads\/2019\/10\/DSCF7511-1024x683.jpg 1024w, https:\/\/www.freshpies.co.uk\/wp-content\/uploads\/2019\/10\/DSCF7511-768x512.jpg 768w, https:\/\/www.freshpies.co.uk\/wp-content\/uploads\/2019\/10\/DSCF7511-1536x1024.jpg 1536w, https:\/\/www.freshpies.co.uk\/wp-content\/uploads\/2019\/10\/DSCF7511-2048x1365.jpg 2048w\" sizes=\"(max-width: 2560px) 100vw, 2560px\" \/><\/div>\n\t\t\t\t\t<\/div>\n\t\t\t\t<\/div><\/div><\/div><\/div><\/div><div class=\"empty-space empty-single mobile-hidden\" ><span class=\"empty-space-inner\"><\/span><\/div>\n<div class=\"uncode_text_column\" ><\/p>\n<h1>Pol\u00edtica de privacidade e de cookies<\/h1>\n<p>\n<\/div><div class=\"uncode_text_column\" ><p>A Fresh Pies est\u00e1 fortemente empenhada em proteger a privacidade dos utilizadores deste s\u00edtio Web. Neste s\u00edtio Web, recolhemos dados atrav\u00e9s de:<\/p>\n<h2>Formul\u00e1rios de pedido de informa\u00e7\u00f5es<\/h2>\n<p>Utilizamos um plugin chamado Contact form 7 para alimentar todos os formul\u00e1rios presentes no nosso s\u00edtio. Os dados recolhidos atrav\u00e9s do formul\u00e1rio de contacto 7 ser\u00e3o utilizados para o contactar, a fim de responder ao seu pedido de informa\u00e7\u00e3o. Ser\u00e1 tamb\u00e9m guardada uma c\u00f3pia de seguran\u00e7a dos seus dados na base de dados do nosso s\u00edtio Web. Apenas pessoas autorizadas poder\u00e3o aceder aos seus dados e estes n\u00e3o ser\u00e3o divulgados a terceiros. Se desejar que os seus dados sejam removidos, envie um e-mail para <a href=\"mailto:sayhello@freshpies.co.uk\">sayhello@freshpies.co.uk<\/a><\/p>\n<h2>Google Analytics<\/h2>\n<p>O Google Analytics \u00e9 um servi\u00e7o de an\u00e1lise da Web fornecido pela Google Inc. (\"Google\"). Utilizamos este servi\u00e7o no nosso s\u00edtio Web para recolher informa\u00e7\u00f5es padr\u00e3o de registo da Internet e detalhes dos padr\u00f5es de comportamento dos visitantes. Fazemo-lo para nos certificarmos de que o s\u00edtio Web satisfaz as necessidades dos seus utilizadores e para compreendermos como o podemos melhorar. O Google Analytics armazena informa\u00e7\u00f5es sobre as p\u00e1ginas que o utilizador visita, o tempo que permanece no s\u00edtio, como chegou aqui e em que clica. Estas informa\u00e7\u00f5es s\u00e3o apenas processadas de forma a n\u00e3o identificar ningu\u00e9m e n\u00e3o fazemos qualquer tentativa de descobrir a identidade das pessoas que visitam o nosso s\u00edtio Web.<\/p>\n<p>A Google utiliza os Dados recolhidos para seguir e examinar a utiliza\u00e7\u00e3o desta Aplica\u00e7\u00e3o, para preparar relat\u00f3rios sobre as suas actividades e partilh\u00e1-los com outros servi\u00e7os da Google. A Google pode utilizar os Dados recolhidos para contextualizar e personalizar os an\u00fancios da sua pr\u00f3pria rede de publicidade.<\/p>\n<h2>Chat na Web<\/h2>\n<p>Este s\u00edtio Web utiliza o Tidio, uma plataforma de conversa\u00e7\u00e3o que liga os utilizadores ao servi\u00e7o de apoio ao cliente da Fresh Pies. Recolhemos endere\u00e7os de correio eletr\u00f3nico apenas com o consentimento dos utilizadores, a fim de iniciar o chat. As mensagens e os dados trocados s\u00e3o armazenados na aplica\u00e7\u00e3o Tidio. Para mais informa\u00e7\u00f5es, consulte a sua Pol\u00edtica de Privacidade.<\/p>\n<p>A Fresh Pies n\u00e3o utiliza estas mensagens ou dados para al\u00e9m do acompanhamento das quest\u00f5es ou pedidos de informa\u00e7\u00e3o registados pelos utilizadores. Os seus dados pessoais ser\u00e3o processados e transmitidos em conformidade com o Regulamento Geral sobre a Prote\u00e7\u00e3o de Dados (RGPD).<\/p>\n<h2>Biscoitos<\/h2>\n<p>Os cookies s\u00e3o pequenos ficheiros de dados que s\u00e3o colocados no seu computador quando navega no nosso s\u00edtio Web.<\/p>\n<p>Melhoram as coisas:<\/p>\n<ul>\n<li>memorizar defini\u00e7\u00f5es, para n\u00e3o ter de as voltar a introduzir sempre que visitar uma nova p\u00e1gina<\/li>\n<li>recordar as informa\u00e7\u00f5es que forneceu para n\u00e3o ter de as introduzir constantemente<\/li>\n<li>avaliar a forma como o utilizador utiliza o s\u00edtio Web, para que possamos garantir que este responde \u00e0s suas necessidades<\/li>\n<\/ul>\n<p>Os nossos cookies n\u00e3o s\u00e3o utilizados para o identificar pessoalmente. Servem apenas para que o s\u00edtio funcione melhor para si. De facto, pode gerir e\/ou eliminar estes pequenos ficheiros como desejar. Para saber mais sobre cookies e como geri-los, visite <a class=\"ext-link\" href=\"https:\/\/www.aboutcookies.org\/\" target=\"_blank\" rel=\"noopener external nofollow noreferrer\">AboutCookies.org<\/a>.<\/p>\n<p>Esta tabela mostra os cookies que utilizamos no s\u00edtio e a sua finalidade:<\/p>\n<\/div><div class=\"uncode_text_column\" ><\/p>\n<table>\n<thead>\n<tr>\n<th>Nome do prestador<\/th>\n<th>Nome do cookie<\/th>\n<th>Objetivo<\/th>\n<\/tr>\n<\/thead>\n<tbody>\n<tr>\n<td>Cloudflare<\/td>\n<td>__cfduid<\/td>\n<td>Este cookie est\u00e1 associado a s\u00edtios que utilizam o CloudFlare, utilizado para acelerar o tempo de carregamento da p\u00e1gina. De acordo com o CloudFlare, \u00e9 utilizado para anular quaisquer restri\u00e7\u00f5es de seguran\u00e7a baseadas no endere\u00e7o IP de onde o visitante prov\u00e9m. N\u00e3o cont\u00e9m qualquer informa\u00e7\u00e3o de identifica\u00e7\u00e3o do utilizador.<\/td>\n<\/tr>\n<tr>\n<td>Google Analytics<\/td>\n<td>_ga<br \/>\n_gat<br \/>\n_gid<\/td>\n<td>Estes cookies est\u00e3o associados ao Google Universal Analytics. Este cookie \u00e9 utilizado para distinguir utilizadores \u00fanicos, atribuindo um n\u00famero gerado aleatoriamente como identificador de cliente. \u00c9 inclu\u00eddo em cada pedido de p\u00e1gina de um s\u00edtio e utilizado para calcular os dados do visitante, da sess\u00e3o e da campanha para os relat\u00f3rios anal\u00edticos dos s\u00edtios.<\/td>\n<\/tr>\n<\/tbody>\n<\/table>\n<p>\n<\/div><div class=\"uncode_text_column\" ><p>Se tiver alguma quest\u00e3o ou d\u00favida sobre este assunto, envie-nos um e-mail para <a href=\"mailto:sayhello@freshpies.co.uk\">sayhello@freshpies.co.uk<\/a><\/p>\n<\/div><div class=\"empty-space empty-triple mobile-hidden\" ><span class=\"empty-space-inner\"><\/span><\/div>\n<\/div><\/div><\/div><\/div><\/div><script id=\"script-row-unique-0\" data-row=\"script-row-unique-0\" type=\"text\/javascript\" class=\"vc_controls\">UNCODE.initRow(document.getElementById(\"row-unique-0\"));<\/script><\/div><\/div><\/div>\n<\/div>","protected":false},"excerpt":{"rendered":"Privacy &amp; Cookie Policy Fresh Pies is strongly committed to protecting the privacy of users of this website. We collect [...]","protected":false},"author":1,"featured_media":0,"parent":0,"menu_order":70,"comment_status":"closed","ping_status":"closed","template":"","meta":{"footnotes":""},"class_list":["post-3","page","type-page","status-publish","hentry"],"yoast_head":"<!-- This site is optimized with the Yoast SEO Premium plugin v22.4 (Yoast SEO v27.3) - https:\/\/yoast.com\/product\/yoast-seo-premium-wordpress\/ -->\n<title>Privacy &amp; Cookie Policy - Fresh Pies<\/title>\n<meta name=\"robots\" content=\"index, follow, max-snippet:-1, max-image-preview:large, max-video-preview:-1\" \/>\n<link rel=\"canonical\" href=\"https:\/\/www.freshpies.co.uk\/pt\/privacidade-politica-de-cookies\/\" \/>\n<meta property=\"og:locale\" content=\"pt_PT\" \/>\n<meta property=\"og:type\" content=\"article\" \/>\n<meta property=\"og:title\" content=\"Privacy &amp; Cookie Policy\" \/>\n<meta property=\"og:url\" content=\"https:\/\/www.freshpies.co.uk\/pt\/privacidade-politica-de-cookies\/\" \/>\n<meta property=\"og:site_name\" content=\"Fresh Pies\" \/>\n<meta property=\"article:publisher\" content=\"https:\/\/www.facebook.com\/freshpiesdigital\/\" \/>\n<meta property=\"article:modified_time\" content=\"2020-01-27T16:40:34+00:00\" \/>\n<meta property=\"og:image\" content=\"https:\/\/www.freshpies.co.uk\/wp-content\/uploads\/2019\/11\/fp-team-meeting-photo-2.jpg\" \/>\n\t<meta property=\"og:image:width\" content=\"1920\" \/>\n\t<meta property=\"og:image:height\" content=\"1317\" \/>\n\t<meta property=\"og:image:type\" content=\"image\/jpeg\" \/>\n<meta name=\"twitter:card\" content=\"summary_large_image\" \/>\n<meta name=\"twitter:site\" content=\"@freshpies\" \/>\n<meta name=\"twitter:label1\" content=\"Tempo estimado de leitura\" \/>\n\t<meta name=\"twitter:data1\" content=\"4 minutos\" \/>\n<script type=\"application\/ld+json\" class=\"yoast-schema-graph\">{\"@context\":\"https:\\\/\\\/schema.org\",\"@graph\":[{\"@type\":\"WebPage\",\"@id\":\"https:\\\/\\\/www.freshpies.co.uk\\\/privacy-cookie-policy\\\/\",\"url\":\"https:\\\/\\\/www.freshpies.co.uk\\\/privacy-cookie-policy\\\/\",\"name\":\"Privacy & Cookie Policy - Fresh Pies\",\"isPartOf\":{\"@id\":\"https:\\\/\\\/www.freshpies.co.uk\\\/#website\"},\"datePublished\":\"2018-12-06T08:56:25+00:00\",\"dateModified\":\"2020-01-27T16:40:34+00:00\",\"breadcrumb\":{\"@id\":\"https:\\\/\\\/www.freshpies.co.uk\\\/privacy-cookie-policy\\\/#breadcrumb\"},\"inLanguage\":\"pt-PT\",\"potentialAction\":[{\"@type\":\"ReadAction\",\"target\":[\"https:\\\/\\\/www.freshpies.co.uk\\\/privacy-cookie-policy\\\/\"]}]},{\"@type\":\"BreadcrumbList\",\"@id\":\"https:\\\/\\\/www.freshpies.co.uk\\\/privacy-cookie-policy\\\/#breadcrumb\",\"itemListElement\":[{\"@type\":\"ListItem\",\"position\":1,\"name\":\"Home\",\"item\":\"https:\\\/\\\/www.freshpies.co.uk\\\/\"},{\"@type\":\"ListItem\",\"position\":2,\"name\":\"Privacy &#038; Cookie Policy\"}]},{\"@type\":\"WebSite\",\"@id\":\"https:\\\/\\\/www.freshpies.co.uk\\\/#website\",\"url\":\"https:\\\/\\\/www.freshpies.co.uk\\\/\",\"name\":\"Fresh Pies\",\"description\":\"Website and Digital Marketing Agency in Balham, South London\",\"publisher\":{\"@id\":\"https:\\\/\\\/www.freshpies.co.uk\\\/#organization\"},\"potentialAction\":[{\"@type\":\"SearchAction\",\"target\":{\"@type\":\"EntryPoint\",\"urlTemplate\":\"https:\\\/\\\/www.freshpies.co.uk\\\/?s={search_term_string}\"},\"query-input\":{\"@type\":\"PropertyValueSpecification\",\"valueRequired\":true,\"valueName\":\"search_term_string\"}}],\"inLanguage\":\"pt-PT\"},{\"@type\":\"Organization\",\"@id\":\"https:\\\/\\\/www.freshpies.co.uk\\\/#organization\",\"name\":\"Fresh Pies\",\"url\":\"https:\\\/\\\/www.freshpies.co.uk\\\/\",\"logo\":{\"@type\":\"ImageObject\",\"inLanguage\":\"pt-PT\",\"@id\":\"https:\\\/\\\/www.freshpies.co.uk\\\/#\\\/schema\\\/logo\\\/image\\\/\",\"url\":\"https:\\\/\\\/www.freshpies.co.uk\\\/wp-content\\\/uploads\\\/2018\\\/12\\\/fresh-pies-logo-svg-2.svg\",\"contentUrl\":\"https:\\\/\\\/www.freshpies.co.uk\\\/wp-content\\\/uploads\\\/2018\\\/12\\\/fresh-pies-logo-svg-2.svg\",\"width\":\"1\",\"height\":\"1\",\"caption\":\"Fresh Pies\"},\"image\":{\"@id\":\"https:\\\/\\\/www.freshpies.co.uk\\\/#\\\/schema\\\/logo\\\/image\\\/\"},\"sameAs\":[\"https:\\\/\\\/www.facebook.com\\\/freshpiesdigital\\\/\",\"https:\\\/\\\/x.com\\\/freshpies\",\"https:\\\/\\\/www.instagram.com\\\/freshpies\\\/\",\"https:\\\/\\\/www.linkedin.com\\\/company\\\/freshpies\\\/\"]}]}<\/script>\n<!-- \/ Yoast SEO Premium plugin. -->","yoast_head_json":{"title":"Pol\u00edtica de privacidade e de cookies - Fresh Pies","robots":{"index":"index","follow":"follow","max-snippet":"max-snippet:-1","max-image-preview":"max-image-preview:large","max-video-preview":"max-video-preview:-1"},"canonical":"https:\/\/www.freshpies.co.uk\/pt\/privacidade-politica-de-cookies\/","og_locale":"pt_PT","og_type":"article","og_title":"Privacy & Cookie Policy","og_url":"https:\/\/www.freshpies.co.uk\/pt\/privacidade-politica-de-cookies\/","og_site_name":"Fresh Pies","article_publisher":"https:\/\/www.facebook.com\/freshpiesdigital\/","article_modified_time":"2020-01-27T16:40:34+00:00","og_image":[{"width":1920,"height":1317,"url":"https:\/\/www.freshpies.co.uk\/wp-content\/uploads\/2019\/11\/fp-team-meeting-photo-2.jpg","type":"image\/jpeg"}],"twitter_card":"summary_large_image","twitter_site":"@freshpies","twitter_misc":{"Tempo estimado de leitura":"4 minutos"},"schema":{"@context":"https:\/\/schema.org","@graph":[{"@type":"WebPage","@id":"https:\/\/www.freshpies.co.uk\/privacy-cookie-policy\/","url":"https:\/\/www.freshpies.co.uk\/privacy-cookie-policy\/","name":"Pol\u00edtica de privacidade e de cookies - Fresh Pies","isPartOf":{"@id":"https:\/\/www.freshpies.co.uk\/#website"},"datePublished":"2018-12-06T08:56:25+00:00","dateModified":"2020-01-27T16:40:34+00:00","breadcrumb":{"@id":"https:\/\/www.freshpies.co.uk\/privacy-cookie-policy\/#breadcrumb"},"inLanguage":"pt-PT","potentialAction":[{"@type":"ReadAction","target":["https:\/\/www.freshpies.co.uk\/privacy-cookie-policy\/"]}]},{"@type":"BreadcrumbList","@id":"https:\/\/www.freshpies.co.uk\/privacy-cookie-policy\/#breadcrumb","itemListElement":[{"@type":"ListItem","position":1,"name":"Home","item":"https:\/\/www.freshpies.co.uk\/"},{"@type":"ListItem","position":2,"name":"Privacy &#038; Cookie Policy"}]},{"@type":"WebSite","@id":"https:\/\/www.freshpies.co.uk\/#website","url":"https:\/\/www.freshpies.co.uk\/","name":"Tortas frescas","description":"Ag\u00eancia de marketing digital e de websites em Balham, no sul de Londres","publisher":{"@id":"https:\/\/www.freshpies.co.uk\/#organization"},"potentialAction":[{"@type":"SearchAction","target":{"@type":"EntryPoint","urlTemplate":"https:\/\/www.freshpies.co.uk\/?s={search_term_string}"},"query-input":{"@type":"PropertyValueSpecification","valueRequired":true,"valueName":"search_term_string"}}],"inLanguage":"pt-PT"},{"@type":"Organization","@id":"https:\/\/www.freshpies.co.uk\/#organization","name":"Tortas frescas","url":"https:\/\/www.freshpies.co.uk\/","logo":{"@type":"ImageObject","inLanguage":"pt-PT","@id":"https:\/\/www.freshpies.co.uk\/#\/schema\/logo\/image\/","url":"https:\/\/www.freshpies.co.uk\/wp-content\/uploads\/2018\/12\/fresh-pies-logo-svg-2.svg","contentUrl":"https:\/\/www.freshpies.co.uk\/wp-content\/uploads\/2018\/12\/fresh-pies-logo-svg-2.svg","width":"1","height":"1","caption":"Fresh Pies"},"image":{"@id":"https:\/\/www.freshpies.co.uk\/#\/schema\/logo\/image\/"},"sameAs":["https:\/\/www.facebook.com\/freshpiesdigital\/","https:\/\/x.com\/freshpies","https:\/\/www.instagram.com\/freshpies\/","https:\/\/www.linkedin.com\/company\/freshpies\/"]}]}},"_links":{"self":[{"href":"https:\/\/www.freshpies.co.uk\/pt\/wp-json\/wp\/v2\/pages\/3","targetHints":{"allow":["GET"]}}],"collection":[{"href":"https:\/\/www.freshpies.co.uk\/pt\/wp-json\/wp\/v2\/pages"}],"about":[{"href":"https:\/\/www.freshpies.co.uk\/pt\/wp-json\/wp\/v2\/types\/page"}],"author":[{"embeddable":true,"href":"https:\/\/www.freshpies.co.uk\/pt\/wp-json\/wp\/v2\/users\/1"}],"replies":[{"embeddable":true,"href":"https:\/\/www.freshpies.co.uk\/pt\/wp-json\/wp\/v2\/comments?post=3"}],"version-history":[{"count":0,"href":"https:\/\/www.freshpies.co.uk\/pt\/wp-json\/wp\/v2\/pages\/3\/revisions"}],"wp:attachment":[{"href":"https:\/\/www.freshpies.co.uk\/pt\/wp-json\/wp\/v2\/media?parent=3"}],"curies":[{"name":"wp","href":"https:\/\/api.w.org\/{rel}","templated":true}]}}